{"id":118,"date":"2020-05-12T10:37:07","date_gmt":"2020-05-12T10:37:07","guid":{"rendered":"https:\/\/toiduteave.ee\/margistamine\/?page_id=118"},"modified":"2022-03-03T11:33:58","modified_gmt":"2022-03-03T11:33:58","slug":"juhendid","status":"publish","type":"page","link":"https:\/\/toiduteave.ee\/margistamine\/juhendid\/","title":{"rendered":"Juhendid"},"content":{"rendered":"<p><span class='tooltipsall tooltip_post_id_1304 classtoolTips51'><\/span><span class='tooltipsall tooltip_post_id_1288 classtoolTips36'><\/span><span class='tooltipsall tooltip_post_id_1287 classtoolTips35'><\/span><span class='tooltipsall tooltip_post_id_1303 classtoolTips29'><\/span><span class='tooltipsall tooltip_post_id_1291 classtoolTips12'><\/span><span class='tooltipsall tooltip_post_id_1284 classtoolTips10'><\/span><span class='tooltipsall tooltip_post_id_1293 classtoolTips8'><\/span>[et_pb_section fb_built=&#8221;1&#8243; _builder_version=&#8221;4.4.3&#8243; da_disable_devices=&#8221;off|off|off&#8221; global_colors_info=&#8221;{}&#8221; da_is_popup=&#8221;off&#8221; da_exit_intent=&#8221;off&#8221; da_has_close=&#8221;on&#8221; da_alt_close=&#8221;off&#8221; da_dark_close=&#8221;off&#8221; da_not_modal=&#8221;on&#8221; da_is_singular=&#8221;off&#8221; da_with_loader=&#8221;off&#8221; da_has_shadow=&#8221;on&#8221;][et_pb_row _builder_version=&#8221;4.9.7&#8243; _module_preset=&#8221;default&#8221; global_colors_info=&#8221;{}&#8221;][et_pb_column type=&#8221;4_4&#8243; _builder_version=&#8221;4.9.7&#8243; _module_preset=&#8221;default&#8221; global_colors_info=&#8221;{}&#8221;][et_pb_text module_id=&#8221;kohustuslikudandmed&#8221; _builder_version=&#8221;4.9.7&#8243; _module_preset=&#8221;default&#8221; text_line_height=&#8221;1.4em&#8221; link_font=&#8221;||||on||||&#8221; link_text_color=&#8221;#2ea3f2&#8243; header_font=&#8221;|600|||||||&#8221; header_font_size=&#8221;24px&#8221; header_line_height=&#8221;1.3em&#8221; header_2_font=&#8221;|600|||||||&#8221; header_2_text_color=&#8221;#009b96&#8243; header_2_font_size=&#8221;20px&#8221; header_3_font=&#8221;|600|||||||&#8221; text_orientation=&#8221;justified&#8221; hover_enabled=&#8221;0&#8243; locked=&#8221;off&#8221; global_colors_info=&#8221;{}&#8221; sticky_enabled=&#8221;0&#8243;]<\/p>\n<h2>K\u00e4siraamatus viidatud juhendid ja muud lisamaterjalid<\/h2>\n<p>[\/et_pb_text][et_pb_text _builder_version=&#8221;4.11.1&#8243; _module_preset=&#8221;default&#8221; hover_enabled=&#8221;0&#8243; global_colors_info=&#8221;{}&#8221; sticky_enabled=&#8221;0&#8243;]<\/p>\n<p>Euroopa Komisjoni toidu m\u00e4rgistamise andmebaas (Food Labelling Information System)<\/p>\n<p><a href=\"https:\/\/ec.europa.eu\/food\/safety\/labelling_nutrition\/labelling_legislation_en\/food_labelling_information_system\/start\/select-language\" target=\"_blank\" rel=\"noopener\">https:\/\/ec.europa.eu\/food\/safety\/labelling_nutrition\/labelling_legislation_en\/food_labelling_information_system\/start\/select-language<\/a><\/p>\n<p>&nbsp;<\/p>\n<p>K\u00fcsimused ja vastused Euroopa Parlamendi ja n\u00f5ukogu m\u00e4\u00e4ruse (EL) nr 1169\/2011 (milles k\u00e4sitletakse <span class='tooltipsall tooltip_post_id_1285 classtoolTips18'>toidualase teabe<\/span> esitamist tarbijatele) kohaldamise kohta (2018\/C 196\/01)<\/p>\n<p><a href=\"https:\/\/eur-lex.europa.eu\/legal-content\/ET\/TXT\/?uri=CELEX:52018XC0608(01)\">https:\/\/eur-lex.europa.eu\/legal-content\/ET\/TXT\/?uri=CELEX:52018XC0608(01)<\/a><\/p>\n<p>&nbsp;<\/p>\n<p>Komisjoni teatis, 13. juuli 2017, seoses teabe esitamisega allergiat v\u00f5i talumatust tekitavate ainete v\u00f5i toodete kohta, mis on nimetatud Euroopa Parlamendi ja n\u00f5ukogu m\u00e4\u00e4ruse (EL) nr 1169\/2011 (milles k\u00e4sitletakse toidualase teabe esitamist tarbijatele) II lisas (C\/2017\/4864)<\/p>\n<p><a href=\"https:\/\/eur-lex.europa.eu\/legal-content\/ET\/TXT\/?uri=CELEX:52017XC1213(01)\">https:\/\/eur-lex.europa.eu\/legal-content\/ET\/TXT\/?uri=CELEX:52017XC1213(01)<\/a><\/p>\n<p>&nbsp;<\/p>\n<p>Komisjoni teatis m\u00e4\u00e4ruse (EL) nr 1169\/2011 artikli 26 l\u00f5ike 3 s\u00e4tete kohaldamise kohta (2020\/C 32\/01)<\/p>\n<p><a href=\"https:\/\/eur-lex.europa.eu\/legal-content\/ET\/TXT\/?uri=CELEX:52020XC0131(01)\">https:\/\/eur-lex.europa.eu\/legal-content\/ET\/TXT\/?uri=CELEX:52020XC0131(01)<\/a><\/p>\n<p>&nbsp;<\/p>\n<p>\u201eJuhend m\u00e4\u00e4ruse (EL) nr 2018\/775 rakendamiseks Eestis\u201c (Maaeluministeerium, Veterinaar- ja Toiduamet, 2020)<\/p>\n<p><a href=\"https:\/\/www.agri.ee\/sites\/default\/files\/content\/valjaanded\/valjaanne-2020-juhend-maarus-2011-1169-eesti.pdf\">https:\/\/www.agri.ee\/sites\/default\/files\/content\/valjaanded\/valjaanne-2020-juhend-maarus-2011-1169-eesti.pdf<\/a><\/p>\n<p>&nbsp;<\/p>\n<p>Komisjoni teatis \u2013 Kaitstud p\u00e4ritolunimetuse (KPN) v\u00f5i kaitstud geograafilise t\u00e4hisega (KGT) koostisainet sisaldava toidu m\u00e4rgistamise suunised<\/p>\n<p><a href=\"https:\/\/eur-lex.europa.eu\/legal-content\/ET\/TXT\/?uri=CELEX:52010XC1216(01)\">https:\/\/eur-lex.europa.eu\/legal-content\/ET\/TXT\/?uri=CELEX:52010XC1216(01)<\/a><\/p>\n<p>&nbsp;<\/p>\n<p>Komisjoni teatis meditsiinilisel n\u00e4idustusel kasutamiseks etten\u00e4htud toidu liigitamise kohta (2017\/C 401\/01)<\/p>\n<p><a href=\"https:\/\/eur-lex.europa.eu\/legal-content\/ET\/TXT\/?uri=CELEX:52017XC1125(01)\">https:\/\/eur-lex.europa.eu\/legal-content\/ET\/TXT\/?uri=CELEX:52017XC1125(01)<\/a><\/p>\n<p>Komisjoni teatis Euroopa Parlamendi ja n\u00f5ukogu 17.\u00a0aprilli 2019. aasta m\u00e4\u00e4ruse (EL) 2019\/787 (milles k\u00e4sitletakse piiritusjookide m\u00e4\u00e4ratlemist, kirjeldamist, esitlemist ja m\u00e4rgistamist, piiritusjookide nimetuste kasutamist muude toiduainete esitlemisel ja m\u00e4rgistamisel, piiritusjookide geograafiliste t\u00e4histe kaitset ning p\u00f5llumajandusliku p\u00e4ritoluga et\u00fc\u00fclalkoholi ja destillaatide kasutamist alkohoolsetes jookides ning millega tunnistatakse kehtetuks m\u00e4\u00e4rus (E\u00dc) nr\u00a0110\/2008) teatavate m\u00e4rgistamiss\u00e4tete rakendamise suunised 2022\/C 78\/03<\/p>\n<p><a href=\"https:\/\/eur-lex.europa.eu\/legal-content\/ET\/TXT\/?uri=CELEX:52022XC0218(01)\" target=\"_blank\" rel=\"noopener\">https:\/\/eur-lex.europa.eu\/legal-content\/ET\/TXT\/?uri=CELEX:52022XC0218(01)<\/a><\/p>\n<p>&nbsp;<\/p>\n<p>[\/et_pb_text][\/et_pb_column][\/et_pb_row][\/et_pb_section]<\/p>\n","protected":false},"excerpt":{"rendered":"<p>K\u00e4siraamatus viidatud juhendid ja muud lisamaterjalidEuroopa Komisjoni toidu m\u00e4rgistamise andmebaas (Food Labelling Information System) https:\/\/ec.europa.eu\/food\/safety\/labelling_nutrition\/labelling_legislation_en\/food_labelling_information_system\/start\/select-language &nbsp; K\u00fcsimused ja vastused Euroopa Parlamendi ja n\u00f5ukogu m\u00e4\u00e4ruse (EL) nr 1169\/2011 (milles k\u00e4sitletakse toidualase teabe esitamist tarbijatele) kohaldamise kohta (2018\/C 196\/01) https:\/\/eur-lex.europa.eu\/legal-content\/ET\/TXT\/?uri=CELEX:52018XC0608(01) &nbsp; Komisjoni teatis, 13. juuli 2017, seoses teabe esitamisega allergiat v\u00f5i talumatust tekitavate ainete v\u00f5i toodete kohta, [&hellip;]<\/p>\n","protected":false},"author":1,"featured_media":0,"parent":0,"menu_order":0,"comment_status":"closed","ping_status":"closed","template":"","meta":{"_et_pb_use_builder":"on","_et_pb_old_content":"<!-- wp:divi\/placeholder \/-->","_et_gb_content_width":"","_lmt_disableupdate":"no","_lmt_disable":"no","footnotes":""},"class_list":["post-118","page","type-page","status-publish","hentry"],"yoast_head":"<!-- This site is optimized with the Yoast SEO plugin v19.8 - https:\/\/yoast.com\/wordpress\/plugins\/seo\/ -->\n<title>Juhendid - Toiduteave.ee<\/title>\n<meta name=\"robots\" content=\"index, follow, max-snippet:-1, max-image-preview:large, max-video-preview:-1\" \/>\n<link rel=\"canonical\" href=\"https:\/\/toiduteave.ee\/margistamine\/juhendid\/\" \/>\n<meta property=\"og:locale\" content=\"et_EE\" \/>\n<meta property=\"og:type\" content=\"article\" \/>\n<meta property=\"og:title\" content=\"Juhendid - Toiduteave.ee\" \/>\n<meta property=\"og:description\" content=\"K\u00e4siraamatus viidatud juhendid ja muud lisamaterjalidEuroopa Komisjoni toidu m\u00e4rgistamise andmebaas (Food Labelling Information System) https:\/\/ec.europa.eu\/food\/safety\/labelling_nutrition\/labelling_legislation_en\/food_labelling_information_system\/start\/select-language &nbsp; K\u00fcsimused ja vastused Euroopa Parlamendi ja n\u00f5ukogu m\u00e4\u00e4ruse (EL) nr 1169\/2011 (milles k\u00e4sitletakse toidualase teabe esitamist tarbijatele) kohaldamise kohta (2018\/C 196\/01) https:\/\/eur-lex.europa.eu\/legal-content\/ET\/TXT\/?uri=CELEX:52018XC0608(01) &nbsp; Komisjoni teatis, 13. juuli 2017, seoses teabe esitamisega allergiat v\u00f5i talumatust tekitavate ainete v\u00f5i toodete kohta, [&hellip;]\" \/>\n<meta property=\"og:url\" content=\"https:\/\/toiduteave.ee\/margistamine\/juhendid\/\" \/>\n<meta property=\"og:site_name\" content=\"Toiduteave.ee\" \/>\n<meta property=\"article:modified_time\" content=\"2022-03-03T11:33:58+00:00\" \/>\n<meta property=\"og:image\" content=\"https:\/\/toiduteave.ee\/margistamine\/wp-content\/uploads\/2022\/10\/og-image-toiduteave.ee_-2.jpg\" \/>\n\t<meta property=\"og:image:width\" content=\"1200\" \/>\n\t<meta property=\"og:image:height\" content=\"630\" \/>\n\t<meta property=\"og:image:type\" content=\"image\/jpeg\" \/>\n<meta name=\"twitter:card\" content=\"summary_large_image\" \/>\n<meta name=\"twitter:label1\" content=\"Est. reading time\" \/>\n\t<meta name=\"twitter:data1\" content=\"2 minutit\" \/>\n<script type=\"application\/ld+json\" class=\"yoast-schema-graph\">{\"@context\":\"https:\/\/schema.org\",\"@graph\":[{\"@type\":\"WebPage\",\"@id\":\"https:\/\/toiduteave.ee\/margistamine\/juhendid\/\",\"url\":\"https:\/\/toiduteave.ee\/margistamine\/juhendid\/\",\"name\":\"Juhendid - Toiduteave.ee\",\"isPartOf\":{\"@id\":\"https:\/\/toiduteave.ee\/margistamine\/#website\"},\"datePublished\":\"2020-05-12T10:37:07+00:00\",\"dateModified\":\"2022-03-03T11:33:58+00:00\",\"breadcrumb\":{\"@id\":\"https:\/\/toiduteave.ee\/margistamine\/juhendid\/#breadcrumb\"},\"inLanguage\":\"et\",\"potentialAction\":[{\"@type\":\"ReadAction\",\"target\":[\"https:\/\/toiduteave.ee\/margistamine\/juhendid\/\"]}]},{\"@type\":\"BreadcrumbList\",\"@id\":\"https:\/\/toiduteave.ee\/margistamine\/juhendid\/#breadcrumb\",\"itemListElement\":[{\"@type\":\"ListItem\",\"position\":1,\"name\":\"Home\",\"item\":\"https:\/\/toiduteave.ee\/margistamine\/\"},{\"@type\":\"ListItem\",\"position\":2,\"name\":\"Juhendid\"}]},{\"@type\":\"WebSite\",\"@id\":\"https:\/\/toiduteave.ee\/margistamine\/#website\",\"url\":\"https:\/\/toiduteave.ee\/margistamine\/\",\"name\":\"Toiduteave.ee\",\"description\":\"Toidu m&auml;rgistamise e-k&auml;siraamat\",\"potentialAction\":[{\"@type\":\"SearchAction\",\"target\":{\"@type\":\"EntryPoint\",\"urlTemplate\":\"https:\/\/toiduteave.ee\/margistamine\/?s={search_term_string}\"},\"query-input\":\"required name=search_term_string\"}],\"inLanguage\":\"et\"}]}<\/script>\n<!-- \/ Yoast SEO plugin. -->","yoast_head_json":{"title":"Juhendid - Toiduteave.ee","robots":{"index":"index","follow":"follow","max-snippet":"max-snippet:-1","max-image-preview":"max-image-preview:large","max-video-preview":"max-video-preview:-1"},"canonical":"https:\/\/toiduteave.ee\/margistamine\/juhendid\/","og_locale":"et_EE","og_type":"article","og_title":"Juhendid - Toiduteave.ee","og_description":"K\u00e4siraamatus viidatud juhendid ja muud lisamaterjalidEuroopa Komisjoni toidu m\u00e4rgistamise andmebaas (Food Labelling Information System) https:\/\/ec.europa.eu\/food\/safety\/labelling_nutrition\/labelling_legislation_en\/food_labelling_information_system\/start\/select-language &nbsp; K\u00fcsimused ja vastused Euroopa Parlamendi ja n\u00f5ukogu m\u00e4\u00e4ruse (EL) nr 1169\/2011 (milles k\u00e4sitletakse toidualase teabe esitamist tarbijatele) kohaldamise kohta (2018\/C 196\/01) https:\/\/eur-lex.europa.eu\/legal-content\/ET\/TXT\/?uri=CELEX:52018XC0608(01) &nbsp; Komisjoni teatis, 13. juuli 2017, seoses teabe esitamisega allergiat v\u00f5i talumatust tekitavate ainete v\u00f5i toodete kohta, [&hellip;]","og_url":"https:\/\/toiduteave.ee\/margistamine\/juhendid\/","og_site_name":"Toiduteave.ee","article_modified_time":"2022-03-03T11:33:58+00:00","og_image":[{"width":1200,"height":630,"url":"https:\/\/toiduteave.ee\/margistamine\/wp-content\/uploads\/2022\/10\/og-image-toiduteave.ee_-2.jpg","type":"image\/jpeg"}],"twitter_card":"summary_large_image","twitter_misc":{"Est. reading time":"2 minutit"},"schema":{"@context":"https:\/\/schema.org","@graph":[{"@type":"WebPage","@id":"https:\/\/toiduteave.ee\/margistamine\/juhendid\/","url":"https:\/\/toiduteave.ee\/margistamine\/juhendid\/","name":"Juhendid - Toiduteave.ee","isPartOf":{"@id":"https:\/\/toiduteave.ee\/margistamine\/#website"},"datePublished":"2020-05-12T10:37:07+00:00","dateModified":"2022-03-03T11:33:58+00:00","breadcrumb":{"@id":"https:\/\/toiduteave.ee\/margistamine\/juhendid\/#breadcrumb"},"inLanguage":"et","potentialAction":[{"@type":"ReadAction","target":["https:\/\/toiduteave.ee\/margistamine\/juhendid\/"]}]},{"@type":"BreadcrumbList","@id":"https:\/\/toiduteave.ee\/margistamine\/juhendid\/#breadcrumb","itemListElement":[{"@type":"ListItem","position":1,"name":"Home","item":"https:\/\/toiduteave.ee\/margistamine\/"},{"@type":"ListItem","position":2,"name":"Juhendid"}]},{"@type":"WebSite","@id":"https:\/\/toiduteave.ee\/margistamine\/#website","url":"https:\/\/toiduteave.ee\/margistamine\/","name":"Toiduteave.ee","description":"Toidu m&auml;rgistamise e-k&auml;siraamat","potentialAction":[{"@type":"SearchAction","target":{"@type":"EntryPoint","urlTemplate":"https:\/\/toiduteave.ee\/margistamine\/?s={search_term_string}"},"query-input":"required name=search_term_string"}],"inLanguage":"et"}]}},"_links":{"self":[{"href":"https:\/\/toiduteave.ee\/margistamine\/wp-json\/wp\/v2\/pages\/118","targetHints":{"allow":["GET"]}}],"collection":[{"href":"https:\/\/toiduteave.ee\/margistamine\/wp-json\/wp\/v2\/pages"}],"about":[{"href":"https:\/\/toiduteave.ee\/margistamine\/wp-json\/wp\/v2\/types\/page"}],"author":[{"embeddable":true,"href":"https:\/\/toiduteave.ee\/margistamine\/wp-json\/wp\/v2\/users\/1"}],"replies":[{"embeddable":true,"href":"https:\/\/toiduteave.ee\/margistamine\/wp-json\/wp\/v2\/comments?post=118"}],"version-history":[{"count":10,"href":"https:\/\/toiduteave.ee\/margistamine\/wp-json\/wp\/v2\/pages\/118\/revisions"}],"predecessor-version":[{"id":2203,"href":"https:\/\/toiduteave.ee\/margistamine\/wp-json\/wp\/v2\/pages\/118\/revisions\/2203"}],"wp:attachment":[{"href":"https:\/\/toiduteave.ee\/margistamine\/wp-json\/wp\/v2\/media?parent=118"}],"curies":[{"name":"wp","href":"https:\/\/api.w.org\/{rel}","templated":true}]}}