{"id":1478,"date":"2021-06-21T10:26:49","date_gmt":"2021-06-21T10:26:49","guid":{"rendered":"https:\/\/toiduteave.ee\/margistamine\/?page_id=1478"},"modified":"2021-07-23T06:51:51","modified_gmt":"2021-07-23T06:51:51","slug":"teksti-koostajad","status":"publish","type":"page","link":"https:\/\/toiduteave.ee\/margistamine\/teksti-koostajad\/","title":{"rendered":"Teksti koostajad"},"content":{"rendered":"<p>[et_pb_section fb_built=&#8221;1&#8243; _builder_version=&#8221;4.4.7&#8243; width=&#8221;100%&#8221; custom_padding=&#8221;30px|||||&#8221; da_disable_devices=&#8221;off|off|off&#8221; da_is_popup=&#8221;off&#8221; da_exit_intent=&#8221;off&#8221; da_has_close=&#8221;on&#8221; da_alt_close=&#8221;off&#8221; da_dark_close=&#8221;off&#8221; da_not_modal=&#8221;on&#8221; da_is_singular=&#8221;off&#8221; da_with_loader=&#8221;off&#8221; da_has_shadow=&#8221;on&#8221;][et_pb_row _builder_version=&#8221;4.5.3&#8243; width=&#8221;83%&#8221; max_width=&#8221;1340px&#8221;][et_pb_column type=&#8221;4_4&#8243; _builder_version=&#8221;4.4.3&#8243;][et_pb_text _builder_version=&#8221;4.9.7&#8243; _module_preset=&#8221;default&#8221; text_line_height=&#8221;1.4em&#8221; header_font=&#8221;|600|||||||&#8221; header_text_align=&#8221;center&#8221; header_text_color=&#8221;#009b96&#8243; header_line_height=&#8221;1.7em&#8221; header_3_font=&#8221;|600|||||||&#8221; text_orientation=&#8221;justified&#8221; custom_margin=&#8221;||8px|||&#8221; hover_enabled=&#8221;0&#8243; sticky_enabled=&#8221;0&#8243;]<\/p>\n<p><strong>K\u00e4siraamatu teksti koostajad:<\/strong><\/p>\n<p>Kairi Ringo (kairi.ringo@gmail.com)<\/p>\n<p>Siret Dreyersdorff (peat\u00fckk \u201eToitumis- ja tervisealased v\u00e4ited\u201c)<\/p>\n<p><strong>T\u00e4name:<\/strong><\/p>\n<p>Katrin Vilde, Asta \u00dcbner (Orkla Eesti AS, P\u00f5ltsamaa tehas)<\/p>\n<p>Monika Liias (Sanitex O\u00dc)<\/p>\n<p>Airi Vetemaa (Eesti Mahep\u00f5llumajanduse Sihtasutus)<\/p>\n<p>K\u00fclli Johanson, Hellika Kallaste, Evelin Kivima, Katrin L\u00f5hmus, K\u00fclli Suurvarik, Maia Radin, Elsa Peipman, Katrin Kempi, Annika Leis, Ahto Tilk, Kalev Karisalu, Liina J\u00fcrgenson, Renata Tsaturjan, Anu Muhhin, Eduard Koitmaa, Kadri Rand (Maaeluministeerium)<\/p>\n<p>Tiiu Rand, Airika Salumets, Edward-Tuudor Sooba, Kristi Kadak, Marika Arula, Merle Laurimaa, Ave Raie (P\u00f5llumajandus- ja Toiduamet)<\/p>\n<p>&nbsp;<\/p>\n<p>&nbsp;<\/p>\n<p>&nbsp;<\/p>\n<p>K\u00e4siraamatu on Maaeluministeeriumi ja PRIA tellimusel v\u00e4lja andnud Eesti Toiduainet\u00f6\u00f6stuse Liit.<\/p>\n<p>Rahastatud Euroopa Maaelu Arengu P\u00f5llumajandusfondist (EAFRD).<\/p>\n<p>K\u00f5ik autori\u00f5igused on kaitstud. Varalised \u00f5igused kuuluvad materjali tellijale. Autori\u00f5igus kuulub k\u00e4siraamatu teksti koostajatele.<\/p>\n<p>&nbsp;<\/p>\n<p>Tallinn 2021<\/p>\n<p>ISSN 2733-3655 (v\u00f5rguv\u00e4ljaanne: html)<\/p>\n<p>[\/et_pb_text][\/et_pb_column][\/et_pb_row][\/et_pb_section]<\/p>\n","protected":false},"excerpt":{"rendered":"<p>K\u00e4siraamatu teksti koostajad: Kairi Ringo (kairi.ringo@gmail.com) Siret Dreyersdorff (peat\u00fckk \u201eToitumis- ja tervisealased v\u00e4ited\u201c) T\u00e4name: Katrin Vilde, Asta \u00dcbner (Orkla Eesti AS, P\u00f5ltsamaa tehas) Monika Liias (Sanitex O\u00dc) Airi Vetemaa (Eesti Mahep\u00f5llumajanduse Sihtasutus) K\u00fclli Johanson, Hellika Kallaste, Evelin Kivima, Katrin L\u00f5hmus, K\u00fclli Suurvarik, Maia Radin, Elsa Peipman, Katrin Kempi, Annika Leis, Ahto Tilk, Kalev Karisalu, Liina [&hellip;]<\/p>\n","protected":false},"author":4,"featured_media":0,"parent":0,"menu_order":0,"comment_status":"closed","ping_status":"closed","template":"","meta":{"_et_pb_use_builder":"on","_et_pb_old_content":"","_et_gb_content_width":"","_lmt_disableupdate":"no","_lmt_disable":"no","footnotes":""},"class_list":["post-1478","page","type-page","status-publish","hentry"],"yoast_head":"<!-- This site is optimized with the Yoast SEO plugin v19.8 - https:\/\/yoast.com\/wordpress\/plugins\/seo\/ -->\n<title>Teksti koostajad - Toiduteave.ee<\/title>\n<meta name=\"robots\" content=\"index, follow, max-snippet:-1, max-image-preview:large, max-video-preview:-1\" \/>\n<link rel=\"canonical\" href=\"https:\/\/toiduteave.ee\/margistamine\/teksti-koostajad\/\" \/>\n<meta property=\"og:locale\" content=\"et_EE\" \/>\n<meta property=\"og:type\" content=\"article\" \/>\n<meta property=\"og:title\" content=\"Teksti koostajad - Toiduteave.ee\" \/>\n<meta property=\"og:description\" content=\"K\u00e4siraamatu teksti koostajad: Kairi Ringo (kairi.ringo@gmail.com) Siret Dreyersdorff (peat\u00fckk \u201eToitumis- ja tervisealased v\u00e4ited\u201c) T\u00e4name: Katrin Vilde, Asta \u00dcbner (Orkla Eesti AS, P\u00f5ltsamaa tehas) Monika Liias (Sanitex O\u00dc) Airi Vetemaa (Eesti Mahep\u00f5llumajanduse Sihtasutus) K\u00fclli Johanson, Hellika Kallaste, Evelin Kivima, Katrin L\u00f5hmus, K\u00fclli Suurvarik, Maia Radin, Elsa Peipman, Katrin Kempi, Annika Leis, Ahto Tilk, Kalev Karisalu, Liina [&hellip;]\" \/>\n<meta property=\"og:url\" content=\"https:\/\/toiduteave.ee\/margistamine\/teksti-koostajad\/\" \/>\n<meta property=\"og:site_name\" content=\"Toiduteave.ee\" \/>\n<meta property=\"article:modified_time\" content=\"2021-07-23T06:51:51+00:00\" \/>\n<meta property=\"og:image\" content=\"https:\/\/toiduteave.ee\/margistamine\/wp-content\/uploads\/2022\/10\/og-image-toiduteave.ee_-2.jpg\" \/>\n\t<meta property=\"og:image:width\" content=\"1200\" \/>\n\t<meta property=\"og:image:height\" content=\"630\" \/>\n\t<meta property=\"og:image:type\" content=\"image\/jpeg\" \/>\n<meta name=\"twitter:card\" content=\"summary_large_image\" \/>\n<meta name=\"twitter:label1\" content=\"Est. reading time\" \/>\n\t<meta name=\"twitter:data1\" content=\"1 minut\" \/>\n<script type=\"application\/ld+json\" class=\"yoast-schema-graph\">{\"@context\":\"https:\/\/schema.org\",\"@graph\":[{\"@type\":\"WebPage\",\"@id\":\"https:\/\/toiduteave.ee\/margistamine\/teksti-koostajad\/\",\"url\":\"https:\/\/toiduteave.ee\/margistamine\/teksti-koostajad\/\",\"name\":\"Teksti koostajad - Toiduteave.ee\",\"isPartOf\":{\"@id\":\"https:\/\/toiduteave.ee\/margistamine\/#website\"},\"datePublished\":\"2021-06-21T10:26:49+00:00\",\"dateModified\":\"2021-07-23T06:51:51+00:00\",\"breadcrumb\":{\"@id\":\"https:\/\/toiduteave.ee\/margistamine\/teksti-koostajad\/#breadcrumb\"},\"inLanguage\":\"et\",\"potentialAction\":[{\"@type\":\"ReadAction\",\"target\":[\"https:\/\/toiduteave.ee\/margistamine\/teksti-koostajad\/\"]}]},{\"@type\":\"BreadcrumbList\",\"@id\":\"https:\/\/toiduteave.ee\/margistamine\/teksti-koostajad\/#breadcrumb\",\"itemListElement\":[{\"@type\":\"ListItem\",\"position\":1,\"name\":\"Home\",\"item\":\"https:\/\/toiduteave.ee\/margistamine\/\"},{\"@type\":\"ListItem\",\"position\":2,\"name\":\"Teksti koostajad\"}]},{\"@type\":\"WebSite\",\"@id\":\"https:\/\/toiduteave.ee\/margistamine\/#website\",\"url\":\"https:\/\/toiduteave.ee\/margistamine\/\",\"name\":\"Toiduteave.ee\",\"description\":\"Toidu m&auml;rgistamise e-k&auml;siraamat\",\"potentialAction\":[{\"@type\":\"SearchAction\",\"target\":{\"@type\":\"EntryPoint\",\"urlTemplate\":\"https:\/\/toiduteave.ee\/margistamine\/?s={search_term_string}\"},\"query-input\":\"required name=search_term_string\"}],\"inLanguage\":\"et\"}]}<\/script>\n<!-- \/ Yoast SEO plugin. -->","yoast_head_json":{"title":"Teksti koostajad - Toiduteave.ee","robots":{"index":"index","follow":"follow","max-snippet":"max-snippet:-1","max-image-preview":"max-image-preview:large","max-video-preview":"max-video-preview:-1"},"canonical":"https:\/\/toiduteave.ee\/margistamine\/teksti-koostajad\/","og_locale":"et_EE","og_type":"article","og_title":"Teksti koostajad - Toiduteave.ee","og_description":"K\u00e4siraamatu teksti koostajad: Kairi Ringo (kairi.ringo@gmail.com) Siret Dreyersdorff (peat\u00fckk \u201eToitumis- ja tervisealased v\u00e4ited\u201c) T\u00e4name: Katrin Vilde, Asta \u00dcbner (Orkla Eesti AS, P\u00f5ltsamaa tehas) Monika Liias (Sanitex O\u00dc) Airi Vetemaa (Eesti Mahep\u00f5llumajanduse Sihtasutus) K\u00fclli Johanson, Hellika Kallaste, Evelin Kivima, Katrin L\u00f5hmus, K\u00fclli Suurvarik, Maia Radin, Elsa Peipman, Katrin Kempi, Annika Leis, Ahto Tilk, Kalev Karisalu, Liina [&hellip;]","og_url":"https:\/\/toiduteave.ee\/margistamine\/teksti-koostajad\/","og_site_name":"Toiduteave.ee","article_modified_time":"2021-07-23T06:51:51+00:00","og_image":[{"width":1200,"height":630,"url":"https:\/\/toiduteave.ee\/margistamine\/wp-content\/uploads\/2022\/10\/og-image-toiduteave.ee_-2.jpg","type":"image\/jpeg"}],"twitter_card":"summary_large_image","twitter_misc":{"Est. reading time":"1 minut"},"schema":{"@context":"https:\/\/schema.org","@graph":[{"@type":"WebPage","@id":"https:\/\/toiduteave.ee\/margistamine\/teksti-koostajad\/","url":"https:\/\/toiduteave.ee\/margistamine\/teksti-koostajad\/","name":"Teksti koostajad - Toiduteave.ee","isPartOf":{"@id":"https:\/\/toiduteave.ee\/margistamine\/#website"},"datePublished":"2021-06-21T10:26:49+00:00","dateModified":"2021-07-23T06:51:51+00:00","breadcrumb":{"@id":"https:\/\/toiduteave.ee\/margistamine\/teksti-koostajad\/#breadcrumb"},"inLanguage":"et","potentialAction":[{"@type":"ReadAction","target":["https:\/\/toiduteave.ee\/margistamine\/teksti-koostajad\/"]}]},{"@type":"BreadcrumbList","@id":"https:\/\/toiduteave.ee\/margistamine\/teksti-koostajad\/#breadcrumb","itemListElement":[{"@type":"ListItem","position":1,"name":"Home","item":"https:\/\/toiduteave.ee\/margistamine\/"},{"@type":"ListItem","position":2,"name":"Teksti koostajad"}]},{"@type":"WebSite","@id":"https:\/\/toiduteave.ee\/margistamine\/#website","url":"https:\/\/toiduteave.ee\/margistamine\/","name":"Toiduteave.ee","description":"Toidu m&auml;rgistamise e-k&auml;siraamat","potentialAction":[{"@type":"SearchAction","target":{"@type":"EntryPoint","urlTemplate":"https:\/\/toiduteave.ee\/margistamine\/?s={search_term_string}"},"query-input":"required name=search_term_string"}],"inLanguage":"et"}]}},"_links":{"self":[{"href":"https:\/\/toiduteave.ee\/margistamine\/wp-json\/wp\/v2\/pages\/1478","targetHints":{"allow":["GET"]}}],"collection":[{"href":"https:\/\/toiduteave.ee\/margistamine\/wp-json\/wp\/v2\/pages"}],"about":[{"href":"https:\/\/toiduteave.ee\/margistamine\/wp-json\/wp\/v2\/types\/page"}],"author":[{"embeddable":true,"href":"https:\/\/toiduteave.ee\/margistamine\/wp-json\/wp\/v2\/users\/4"}],"replies":[{"embeddable":true,"href":"https:\/\/toiduteave.ee\/margistamine\/wp-json\/wp\/v2\/comments?post=1478"}],"version-history":[{"count":9,"href":"https:\/\/toiduteave.ee\/margistamine\/wp-json\/wp\/v2\/pages\/1478\/revisions"}],"predecessor-version":[{"id":2083,"href":"https:\/\/toiduteave.ee\/margistamine\/wp-json\/wp\/v2\/pages\/1478\/revisions\/2083"}],"wp:attachment":[{"href":"https:\/\/toiduteave.ee\/margistamine\/wp-json\/wp\/v2\/media?parent=1478"}],"curies":[{"name":"wp","href":"https:\/\/api.w.org\/{rel}","templated":true}]}}