{"id":1622,"date":"2021-06-29T07:43:43","date_gmt":"2021-06-29T07:43:43","guid":{"rendered":"https:\/\/toiduteave.ee\/margistamine\/?page_id=1622"},"modified":"2021-07-23T07:12:05","modified_gmt":"2021-07-23T07:12:05","slug":"puu-ja-koogiviljad","status":"publish","type":"page","link":"https:\/\/toiduteave.ee\/margistamine\/puu-ja-koogiviljad\/","title":{"rendered":"Puu-<span class='tooltipsall tooltip_post_id_1304 classtoolTips51'><\/span><span class='tooltipsall tooltip_post_id_1288 classtoolTips36'><\/span><span class='tooltipsall tooltip_post_id_1287 classtoolTips35'><\/span><span class='tooltipsall tooltip_post_id_1303 classtoolTips29'><\/span><span class='tooltipsall tooltip_post_id_1291 classtoolTips12'><\/span><span class='tooltipsall tooltip_post_id_1284 classtoolTips10'><\/span><span class='tooltipsall tooltip_post_id_1293 classtoolTips8'><\/span> ja k\u00f6\u00f6giviljad"},"content":{"rendered":"<p><span class='tooltipsall tooltip_post_id_1304 classtoolTips51'><\/span><span class='tooltipsall tooltip_post_id_1288 classtoolTips36'><\/span><span class='tooltipsall tooltip_post_id_1287 classtoolTips35'><\/span><span class='tooltipsall tooltip_post_id_1303 classtoolTips29'><\/span><span class='tooltipsall tooltip_post_id_1291 classtoolTips12'><\/span><span class='tooltipsall tooltip_post_id_1284 classtoolTips10'><\/span><span class='tooltipsall tooltip_post_id_1293 classtoolTips8'><\/span>[et_pb_section fb_built=&#8221;1&#8243; _builder_version=&#8221;4.4.7&#8243; custom_padding=&#8221;30px|||||&#8221; da_disable_devices=&#8221;off|off|off&#8221; da_is_popup=&#8221;off&#8221; da_exit_intent=&#8221;off&#8221; da_has_close=&#8221;on&#8221; da_alt_close=&#8221;off&#8221; da_dark_close=&#8221;off&#8221; da_not_modal=&#8221;on&#8221; da_is_singular=&#8221;off&#8221; da_with_loader=&#8221;off&#8221; da_has_shadow=&#8221;on&#8221;][et_pb_row column_structure=&#8221;3_4,1_4&#8243; _builder_version=&#8221;4.9.7&#8243; max_width=&#8221;80%&#8221; locked=&#8221;off&#8221; custom_css_main_element_last_edited=&#8221;on|phone&#8221; custom_css_main_element_phone=&#8221;display: flex;||flex-wrap: wrap;&#8221;][et_pb_column type=&#8221;3_4&#8243; _builder_version=&#8221;4.9.7&#8243; custom_css_main_element=&#8221;order: 2;&#8221; custom_css_before_last_edited=&#8221;on|phone&#8221;][et_pb_text _builder_version=&#8221;4.9.3&#8243; _module_preset=&#8221;default&#8221; text_line_height=&#8221;1.4em&#8221; header_font=&#8221;|600|||||||&#8221; header_text_align=&#8221;center&#8221; header_text_color=&#8221;#009b96&#8243; header_line_height=&#8221;1.7em&#8221; header_3_font=&#8221;|600|||||||&#8221; text_orientation=&#8221;justified&#8221; custom_margin=&#8221;||8px|||&#8221; locked=&#8221;off&#8221;]<\/p>\n<h1>Puu- ja k\u00f6\u00f6giviljad. M\u00e4rgistamise erin\u00f5uded<\/h1>\n<p>[\/et_pb_text][et_pb_text module_id=&#8221;sissejuhatus&#8221; _builder_version=&#8221;4.9.7&#8243; header_2_font=&#8221;|600|||||||&#8221; header_2_text_color=&#8221;#009b96&#8243; header_2_font_size=&#8221;20px&#8221; header_3_font=&#8221;|600|||||||&#8221; header_3_line_height=&#8221;1.3em&#8221; custom_margin=&#8221;||2px|||&#8221; custom_padding=&#8221;||0px|||&#8221; locked=&#8221;off&#8221;]<\/p>\n<div id=\"ez-toc-container\" class=\"ez-toc-v2_0_34 counter-hierarchy ez-toc-counter ez-toc-container-direction\">\n<div class=\"ez-toc-title-container\">\n<p class=\"ez-toc-title\">SISUKORD<\/p>\n<span class=\"ez-toc-title-toggle\"><a href=\"#\" class=\"ez-toc-pull-right ez-toc-btn ez-toc-btn-xs ez-toc-btn-default ez-toc-toggle\" style=\"display: none;\"><label for=\"item\" aria-label=\"Table of Content\"><i class=\"ez-toc-glyphicon ez-toc-icon-toggle\"><\/i><\/label><input type=\"checkbox\" id=\"item\"><\/a><\/span><\/div>\n<nav><ul class='ez-toc-list ez-toc-list-level-1'><li class='ez-toc-page-1 ez-toc-heading-level-2'><a class=\"ez-toc-link ez-toc-heading-1\" href=\"https:\/\/toiduteave.ee\/margistamine\/puu-ja-koogiviljad\/#Sissejuhatus\" title=\"Sissejuhatus\">Sissejuhatus<\/a><\/li><li class='ez-toc-page-1 ez-toc-heading-level-2'><a class=\"ez-toc-link ez-toc-heading-2\" href=\"https:\/\/toiduteave.ee\/margistamine\/puu-ja-koogiviljad\/#Margistamise_erinouded\" title=\"M\u00e4rgistamise erin\u00f5uded\">M\u00e4rgistamise erin\u00f5uded<\/a><\/li><li class='ez-toc-page-1 ez-toc-heading-level-2'><a class=\"ez-toc-link ez-toc-heading-3\" href=\"https:\/\/toiduteave.ee\/margistamine\/puu-ja-koogiviljad\/#Kaugmuuk\" title=\"Kaugm\u00fc\u00fck\">Kaugm\u00fc\u00fck<\/a><\/li><li class='ez-toc-page-1 ez-toc-heading-level-2'><a class=\"ez-toc-link ez-toc-heading-4\" href=\"https:\/\/toiduteave.ee\/margistamine\/puu-ja-koogiviljad\/#Lisamaterjalid\" title=\"Lisamaterjalid\">Lisamaterjalid<\/a><\/li><\/ul><\/nav><\/div>\n<h2><span class=\"ez-toc-section\" id=\"Sissejuhatus\"><\/span>Sissejuhatus<span class=\"ez-toc-section-end\"><\/span><\/h2>\n<p>[\/et_pb_text][et_pb_text _builder_version=&#8221;4.9.3&#8243; text_line_height=&#8221;1.4em&#8221; link_font=&#8221;||||on||||&#8221; link_text_color=&#8221;#2ea3f2&#8243; header_font=&#8221;|600|||||||&#8221; header_text_align=&#8221;center&#8221; header_text_color=&#8221;#0c71c3&#8243; header_line_height=&#8221;1.7em&#8221; header_3_font=&#8221;|600|||||||&#8221; text_orientation=&#8221;justified&#8221; locked=&#8221;off&#8221;]<\/p>\n<p><span>Enamiku v\u00e4rskete puu- ja k\u00f6\u00f6giviljade ning marjade kohta (edaspidi: aiandustooted) on kehtestatud turustamisstandardid ja nendega koos ka m\u00e4rgistamise lisan\u00f5uded. Turustamisstandarditega h\u00f5lmamata v\u00e4rskete aiandustoodete kohta kehtivad vaid \u00fcldised <span class='tooltipsall tooltip_post_id_1285 classtoolTips18'>toidualase teabe<\/span> esitamise n\u00f5uded.<\/span><\/p>\n<p>Puu- ja k\u00f6\u00f6giviljadest ning marjadest valmistatud toodete puhul on m\u00e4rgistamise erin\u00f5uded kehtestatud mahlatoodete, mooside jmt toodete kohta. Vaata t\u00e4psemalt peat\u00fckkidest \u201e<a href=\"https:\/\/toiduteave.ee\/margistamine\/vesi-mahl-alkohol\/\">Vesi, mahl, alkohol<\/a>\u201c ja<a href=\"https:\/\/toiduteave.ee\/margistamine\/mesi-moosid\/\"> \u201eMesi, moosid\u201c<\/a>.<\/p>\n<p><span>\u00d5unte, tsitrusviljade (apelsinid, mandariinid, klementiinid, sidrunid, tangeriinid), kiivide, salatite, k\u00e4hara endiivia ja eskariooli, virsikute ja nektariinide, pirnide, maasikate, paprikate, lauaviinamarjade ja tomatite kohta on kehtestatud konkreetsed turustamisstandardid.<\/span><\/p>\n<p><span>Enamiku muude v\u00e4rskete aiandustoodete kohta kehtivad \u00fcldised turustamisstandardid.<\/span><\/p>\n<p><span>Turustamisstandardiga h\u00f5lmatud aiandustoodete loetelu on esitatud Euroopa Parlamendi ja n\u00f5ukogu m\u00e4\u00e4ruse (EL) nr\u00a01308\/2013 I lisa IX osas. Turustamisstandardid on kehtestatud Komisjoni <a href=\"https:\/\/eur-lex.europa.eu\/legal-content\/ET\/TXT\/?uri=CELEX:32011R0543\" target=\"_blank\" rel=\"noopener\">rakendusm\u00e4\u00e4rusega (EL) nr\u00a0543\/2011<\/a><\/span><span>.<\/span><\/p>\n<p><span>\u00d5unad, tsitrusviljad (apelsinid, mandariinid, klementiinid, sidrunid, tangeriinid), kiivid, salatid, v.a salat potis ja \u00fcksikute lehtedena, virsikud ja nektariinid, pirnid, maasikad, paprikad, lauaviinamarjad ja tomatid m\u00e4\u00e4ratakse tootja v\u00f5i pakendaja poolt \u00fchesse allj\u00e4rgnevasse kvaliteediklassi: ekstraklass (v\u00e4ga hea kvaliteet), I klass (hea kvaliteet), II klass (rahuldav kvaliteet). \u00dclej\u00e4\u00e4nud aiandustoodetele kvaliteediklassi ei m\u00e4\u00e4rata.<\/span><\/p>\n<p>[\/et_pb_text][\/et_pb_column][et_pb_column type=&#8221;1_4&#8243; _builder_version=&#8221;4.9.7&#8243; custom_css_main_element=&#8221;order: 1;&#8221; custom_css_before_last_edited=&#8221;on|phone&#8221;][et_pb_text disabled_on=&#8221;on|on|off&#8221; module_id=&#8221;kiirlingid&#8221; _builder_version=&#8221;4.9.7&#8243; text_font=&#8221;|600|||||||&#8221; text_text_color=&#8221;#000000&#8243; text_font_size=&#8221;16px&#8221; link_text_color=&#8221;#000000&#8243; header_font=&#8221;|800|||||||&#8221; header_text_align=&#8221;center&#8221; header_text_color=&#8221;#009b96&#8243; header_font_size=&#8221;20px&#8221; header_line_height=&#8221;2em&#8221; background_color=&#8221;rgba(0,0,0,0.01)&#8221; text_orientation=&#8221;center&#8221; width=&#8221;75%&#8221; module_alignment=&#8221;center&#8221; custom_padding=&#8221;20px|10px|20px|10px|true|true&#8221; border_radii=&#8221;on|20px|20px|20px|20px&#8221; box_shadow_style=&#8221;preset3&#8243; box_shadow_color=&#8221;rgba(0,0,0,0.2)&#8221; global_module=&#8221;685&#8243; saved_tabs=&#8221;all&#8221; locked=&#8221;off&#8221;]<\/p>\n<h1><strong>KIIRLINGID<\/strong><\/h1>\n<p><a href=\"https:\/\/toiduteave.ee\/margistamine\/moisted\/\">M\u00f5isted<\/a><\/p>\n<p><a href=\"https:\/\/toiduteave.ee\/margistamine\/oigusaktid\/\">\u00d5igusaktid<\/a><\/p>\n<p><a href=\"https:\/\/toiduteave.ee\/margistamine\/juhendid\/\">Juhendid<\/a><\/p>\n<p><a href=\"https:\/\/toiduteave.ee\/margistamine\/kasutatud-kirjandus\">Kasutatud kirjandus<\/a><\/p>\n<p>[\/et_pb_text][et_pb_blurb title=&#8221;Lae alla PDF-ina&#8221; image=&#8221;https:\/\/toiduteave.ee\/margistamine\/wp-content\/uploads\/2020\/05\/pdf-logo.png&#8221; image_max_width=&#8221;25%&#8221; _builder_version=&#8221;4.9.7&#8243; _module_preset=&#8221;default&#8221; header_font=&#8221;Open Sans||||||||&#8221; header_text_align=&#8221;center&#8221; header_font_size=&#8221;15px&#8221; animation=&#8221;off&#8221; link_option_url=&#8221;?print-posts=pdf&#8221; link_option_url_new_window=&#8221;on&#8221;][\/et_pb_blurb][\/et_pb_column][\/et_pb_row][et_pb_row _builder_version=&#8221;4.5.3&#8243; _module_preset=&#8221;default&#8221; max_width=&#8221;80%&#8221;][et_pb_column type=&#8221;4_4&#8243; _builder_version=&#8221;4.5.3&#8243; _module_preset=&#8221;default&#8221;][et_pb_text module_id=&#8221;margistamise&#8221; _builder_version=&#8221;4.9.3&#8243; header_2_font=&#8221;|600|||||||&#8221; header_2_text_color=&#8221;#009b96&#8243; header_2_font_size=&#8221;20px&#8221; header_3_font=&#8221;|600|||||||&#8221; header_3_line_height=&#8221;1.3em&#8221; custom_margin=&#8221;||2px|||&#8221; custom_padding=&#8221;||14px|||&#8221; locked=&#8221;off&#8221;]<\/p>\n<h2><span class=\"ez-toc-section\" id=\"Margistamise_erinouded\"><\/span>M\u00e4rgistamise erin\u00f5uded<span class=\"ez-toc-section-end\"><\/span><\/h2>\n<p>[\/et_pb_text][et_pb_text _builder_version=&#8221;4.9.3&#8243; link_font=&#8221;||||on||||&#8221; link_text_color=&#8221;#2ea3f2&#8243; custom_margin=&#8221;-15px||8px||false|false&#8221; custom_padding=&#8221;10px|10px|10px|10px|true|true&#8221; border_radii=&#8221;on|3px|3px|3px|3px&#8221; border_width_all=&#8221;3px&#8221; border_color_all=&#8221;#e02b20&#8243; locked=&#8221;off&#8221;]<\/p>\n<p><span>Euroopa Parlamendi ja n\u00f5ukogu <a href=\"https:\/\/eur-lex.europa.eu\/legal-content\/ET\/TXT\/?uri=CELEX:32013R1308%20\" target=\"_blank\" rel=\"noopener\">m\u00e4\u00e4rus (EL) nr\u00a01308\/2013<\/a><\/span><span> p\u00f5llumajandustoodete \u00fchise turukorralduse kohta<\/span><\/p>\n<p>Komisjoni <a href=\"https:\/\/eur-lex.europa.eu\/legal-content\/ET\/TXT\/?uri=CELEX:32011R0543\" target=\"_blank\" rel=\"noopener\">rakendusm\u00e4\u00e4rus (EL) nr 543\/2011<\/a>, 7. juuni 2011, millega kehtestatakse n\u00f5ukogu m\u00e4\u00e4ruse (E\u00dc) nr 1234\/2007 \u00fcksikasjalikud rakenduseeskirjad seoses puu- ja k\u00f6\u00f6giviljasektori ning t\u00f6\u00f6deldud puu- ja k\u00f6\u00f6givilja sektoriga<\/p>\n<p>[\/et_pb_text][et_pb_text _builder_version=&#8221;4.9.7&#8243; text_line_height=&#8221;1.4em&#8221; link_font=&#8221;||||on||||&#8221; link_text_color=&#8221;#2ea3f2&#8243; header_font=&#8221;|600|||||||&#8221; header_font_size=&#8221;24px&#8221; header_line_height=&#8221;1.3em&#8221; header_3_font=&#8221;|600|||||||&#8221; text_orientation=&#8221;justified&#8221; custom_margin=&#8221;||12px|||&#8221;]<\/p>\n<p><span>Lisaks m\u00e4rgistamise \u00fcldn\u00f5uetele tuleb t<\/span>urustamisstandarditega h\u00f5lmatud aiandustoodete <span>korral esitada allj\u00e4rgnev lisateave<\/span>:<\/p>\n<ul>\n<li>pakendaja ja\/v\u00f5i l\u00e4hetaja nimi ja aadress;<\/li>\n<li>p\u00e4ritoluriik;<\/li>\n<li>kvaliteediklass nende toodete korral, mis m\u00e4\u00e4ratakse kvaliteediklassi (<span>\u00f5unad, tsitrusviljad, kiivid, salatid, v.a salat potis ja \u00fcksikute lehtedena, virsikud ja nektariinid, pirnid, maasikad, paprikad, lauaviinamarjad ja tomatid);<\/span><\/li>\n<li><span>konkreetse<\/span><span>te turustamisstandarditega h\u00f5lmatud toodete korral standardis esitatud toote liik,<\/span><span>\u00a0kui toode ei ole l\u00e4bi pakendi n\u00e4htav;<\/span><span><\/span><\/li>\n<li><span>sordinimi \u00f5unte, apelsinide, pirnide ja lauaviinamarjade korral.<\/span><\/li>\n<\/ul>\n<p>Nende andmete esitamise j\u00e4rjekord pakendil ei ole m\u00e4\u00e4ratud, kuid andmed peavad olema esitatud samas vaatev\u00e4ljas.<\/p>\n<p>Pakendaja ja\/v\u00f5i l\u00e4hetaja andmed v\u00f5ib asendada Euroopa Liidus registreeritud m\u00fc\u00fcja nime ja aadressiga, mis esitatakse koos m\u00e4rkega \u201ePakendatud [kelle jaoks]\u201c v\u00f5i samav\u00e4\u00e4rse s\u00f5nastusega m\u00e4rkega. Sellisel juhul peab m\u00e4rgistusel olema ka pakendajat ja\/v\u00f5i l\u00e4hetajat t\u00e4histav kood.<\/p>\n<p>Euroopa Liidu liikmesriikidest p\u00e4rit toodete puhul m\u00e4rgitakse p\u00e4ritolu p\u00e4ritoluriigi keeles v\u00f5i mis tahes muus keeles, mis on arusaadav sihtriigi tarbijatele. Muude toodete puhul m\u00e4rgitakse see mis tahes keeles, mis on arusaadav sihtriigi tarbijatele.<\/p>\n<p>Kui segus sisalduvad tooted on p\u00e4rit rohkem kui \u00fchest liikmesriigist v\u00f5i kolmandast riigist, v\u00f5ib p\u00e4ritoluriikide t\u00e4isnimed asendada \u00fchega j\u00e4rgmistest m\u00e4rgetest:<\/p>\n<ul>\n<li>\u201eEList p\u00e4rit puuvilja segu\u201c, \u201eEList p\u00e4rit k\u00f6\u00f6givilja segu\u201c v\u00f5i \u201eEList p\u00e4rit puu- ja k\u00f6\u00f6givilja segu\u201c;<\/li>\n<li>\u201ev\u00e4ljastpoolt ELi p\u00e4rit puuvilja segu\u201c, \u201ev\u00e4ljastpoolt ELi p\u00e4rit k\u00f6\u00f6givilja segu\u201c v\u00f5i \u201ev\u00e4ljastpoolt ELi p\u00e4rit puu- ja k\u00f6\u00f6givilja segu\u201c;<\/li>\n<li>\u201eEList p\u00e4rit ja v\u00e4ljastpoolt ELi p\u00e4rit puuvilja segu\u201c, \u201eEList p\u00e4rit ja v\u00e4ljastpoolt ELi p\u00e4rit k\u00f6\u00f6givilja segu\u201c v\u00f5i \u201eEList p\u00e4rit ja v\u00e4ljastpoolt ELi p\u00e4rit puu- ja k\u00f6\u00f6givilja segu\u201c.<\/li>\n<\/ul>\n<p><strong><span>N\u00c4IDE:<\/span><\/strong><\/p>\n<p>[\/et_pb_text][et_pb_text _builder_version=&#8221;4.9.7&#8243; text_line_height=&#8221;1.4em&#8221; link_font=&#8221;||||on||||&#8221; link_text_color=&#8221;#2ea3f2&#8243; header_font=&#8221;|600|||||||&#8221; header_font_size=&#8221;24px&#8221; header_line_height=&#8221;1.3em&#8221; header_3_font=&#8221;|600|||||||&#8221; text_orientation=&#8221;justified&#8221; width=&#8221;39.1%&#8221; custom_margin=&#8221;-16px||16px|||&#8221; custom_padding=&#8221;21px|||||&#8221;]<\/p>\n<table>\n<tbody>\n<tr>\n<td width=\"622\">\n<p><strong>MAASIKAS<\/strong><\/p>\n<\/td>\n<\/tr>\n<tr>\n<td width=\"622\">\n<p>Pakendaja:<strong> Magus Maasikas O\u00dc, <\/strong>P\u00f5llu 5, Puhma k\u00fcla, P\u00f5lva maakond, 12345<\/p>\n<\/td>\n<\/tr>\n<tr>\n<td width=\"622\">\n<p>Kvaliteediklass:<strong> I<\/strong><\/p>\n<\/td>\n<\/tr>\n<tr>\n<td width=\"622\">\n<p>P\u00e4ritoluriik:<strong> Eesti<\/strong><\/p>\n<\/td>\n<\/tr>\n<\/tbody>\n<\/table>\n<p>[\/et_pb_text][\/et_pb_column][\/et_pb_row][et_pb_row _builder_version=&#8221;4.9.3&#8243; _module_preset=&#8221;default&#8221; max_width=&#8221;80%&#8221; custom_margin=&#8221;-30px|auto|-17px|auto||&#8221;][et_pb_column type=&#8221;4_4&#8243; _builder_version=&#8221;4.9.3&#8243; _module_preset=&#8221;default&#8221;][et_pb_text module_id=&#8221;kaugmuuk&#8221; _builder_version=&#8221;4.9.7&#8243; header_2_font=&#8221;|600|||||||&#8221; header_2_text_color=&#8221;#009b96&#8243; header_2_font_size=&#8221;20px&#8221; header_3_font=&#8221;|600|||||||&#8221; header_3_line_height=&#8221;1.3em&#8221; custom_margin=&#8221;||2px|||&#8221; custom_padding=&#8221;||14px|||&#8221; hover_enabled=&#8221;0&#8243; locked=&#8221;off&#8221; sticky_enabled=&#8221;0&#8243;]<\/p>\n<p>Samad andmed (v.a pakendaja\/l\u00e4hetaja andmed) tuleb esitada ka pakendamata toodete m\u00fc\u00fcgikohas. Nende andmete esitamise j\u00e4rjekord ei ole m\u00e4\u00e4ratud.<\/p>\n<p>[\/et_pb_text][et_pb_text module_id=&#8221;kaugmuuk&#8221; _builder_version=&#8221;4.9.3&#8243; header_2_font=&#8221;|600|||||||&#8221; header_2_text_color=&#8221;#009b96&#8243; header_2_font_size=&#8221;20px&#8221; header_3_font=&#8221;|600|||||||&#8221; header_3_line_height=&#8221;1.3em&#8221; custom_margin=&#8221;||2px|||&#8221; custom_padding=&#8221;||14px|||&#8221; locked=&#8221;off&#8221;]<\/p>\n<h2><span class=\"ez-toc-section\" id=\"Kaugmuuk\"><\/span>Kaugm\u00fc\u00fck<span class=\"ez-toc-section-end\"><\/span><\/h2>\n<p>Kui v\u00e4rskeid aiandustooteid m\u00fc\u00fcakse sidevahendite kaudu, st veebipoe, sotsiaalmeedia, ostu-m\u00fc\u00fcgiportaali, m\u00fc\u00fcgikataloogi, telefoni, e-posti, teksts\u00f5numi v\u00f5i muude sidevahendite ja -v\u00f5imaluste vahendusel, siis tuleb ka siin peat\u00fckis kirjeldatud andmed teha tarbijale k\u00e4ttesaadavaks enne ostu sooritamist. Vaata t\u00e4psemalt ka <a href=\"https:\/\/toiduteave.ee\/margistamine\/kaugmuuk\/\">peat\u00fckist \u201eKaugm\u00fc\u00fck\u201c<\/a>.<\/p>\n<p>[\/et_pb_text][\/et_pb_column][\/et_pb_row][et_pb_row _builder_version=&#8221;4.9.3&#8243; _module_preset=&#8221;default&#8221; max_width=&#8221;80%&#8221;][et_pb_column type=&#8221;4_4&#8243; _builder_version=&#8221;4.9.3&#8243; _module_preset=&#8221;default&#8221;][et_pb_text module_id=&#8221;lisamaterjalid&#8221; _builder_version=&#8221;4.9.3&#8243; header_2_font=&#8221;|600|||||||&#8221; header_2_text_color=&#8221;#009b96&#8243; header_2_font_size=&#8221;20px&#8221; header_3_font=&#8221;|600|||||||&#8221; header_3_line_height=&#8221;1.3em&#8221; custom_margin=&#8221;-23px||2px|||&#8221; custom_padding=&#8221;||14px|||&#8221; locked=&#8221;off&#8221;]<\/p>\n<h2><span class=\"ez-toc-section\" id=\"Lisamaterjalid\"><\/span>Lisamaterjalid<span class=\"ez-toc-section-end\"><\/span><\/h2>\n<p><span>Voldik \u201eV\u00e4rske puu- ja k\u00f6\u00f6givilja turustusn\u00f5uded\u201c (P\u00f5llumajandusamet 2020), mille leiab P\u00f5llumajandus- ja Toiduameti veebilehelt <a href=\"https:\/\/pta.agri.ee\/varske-puu-ja-koogivili#infomaterjalid\" target=\"_blank\" rel=\"noopener\">alajaotuses \u201eV\u00e4rske puu- ja k\u00f6\u00f6givili\u201c esitatud infomaterjalide hulgast<\/a><\/span><span>.<\/span><\/p>\n<p>[\/et_pb_text][\/et_pb_column][\/et_pb_row][\/et_pb_section]<\/p>\n","protected":false},"excerpt":{"rendered":"<p>Enamiku v\u00e4rskete puu- ja k\u00f6\u00f6giviljade ning marjade kohta on kehtestatud turustamisstandardid ja nendega koos ka m\u00e4rgistamise lisan\u00f5uded. Turustamisstandarditega h\u00f5lmamata v\u00e4rskete aiandustoodete kohta kehtivad vaid \u00fcldised toidualase teabe esitamise n\u00f5uded.<\/p>\n","protected":false},"author":4,"featured_media":0,"parent":0,"menu_order":0,"comment_status":"closed","ping_status":"closed","template":"","meta":{"_et_pb_use_builder":"on","_et_pb_old_content":"","_et_gb_content_width":"","_lmt_disableupdate":"no","_lmt_disable":"no","footnotes":""},"class_list":["post-1622","page","type-page","status-publish","hentry"],"yoast_head":"<!-- This site is optimized with the Yoast SEO plugin v19.8 - https:\/\/yoast.com\/wordpress\/plugins\/seo\/ -->\n<title>Puu- ja k\u00f6\u00f6giviljad - Toiduteave.ee<\/title>\n<meta name=\"robots\" content=\"index, follow, max-snippet:-1, max-image-preview:large, max-video-preview:-1\" \/>\n<link rel=\"canonical\" href=\"https:\/\/toiduteave.ee\/margistamine\/puu-ja-koogiviljad\/\" \/>\n<meta property=\"og:locale\" content=\"et_EE\" \/>\n<meta property=\"og:type\" content=\"article\" \/>\n<meta property=\"og:title\" content=\"Puu- ja k\u00f6\u00f6giviljad - Toiduteave.ee\" \/>\n<meta property=\"og:description\" content=\"Enamiku v\u00e4rskete puu- ja k\u00f6\u00f6giviljade ning marjade kohta on kehtestatud turustamisstandardid ja nendega koos ka m\u00e4rgistamise lisan\u00f5uded. Turustamisstandarditega h\u00f5lmamata v\u00e4rskete aiandustoodete kohta kehtivad vaid \u00fcldised toidualase teabe esitamise n\u00f5uded.\" \/>\n<meta property=\"og:url\" content=\"https:\/\/toiduteave.ee\/margistamine\/puu-ja-koogiviljad\/\" \/>\n<meta property=\"og:site_name\" content=\"Toiduteave.ee\" \/>\n<meta property=\"article:modified_time\" content=\"2021-07-23T07:12:05+00:00\" \/>\n<meta property=\"og:image\" content=\"https:\/\/toiduteave.ee\/margistamine\/wp-content\/uploads\/2022\/10\/og-image-toiduteave.ee_-2.jpg\" \/>\n\t<meta property=\"og:image:width\" content=\"1200\" \/>\n\t<meta property=\"og:image:height\" content=\"630\" \/>\n\t<meta property=\"og:image:type\" content=\"image\/jpeg\" \/>\n<meta name=\"twitter:card\" content=\"summary_large_image\" \/>\n<meta name=\"twitter:label1\" content=\"Est. reading time\" \/>\n\t<meta name=\"twitter:data1\" content=\"7 minutit\" \/>\n<script type=\"application\/ld+json\" class=\"yoast-schema-graph\">{\"@context\":\"https:\/\/schema.org\",\"@graph\":[{\"@type\":\"WebPage\",\"@id\":\"https:\/\/toiduteave.ee\/margistamine\/puu-ja-koogiviljad\/\",\"url\":\"https:\/\/toiduteave.ee\/margistamine\/puu-ja-koogiviljad\/\",\"name\":\"Puu- ja k\u00f6\u00f6giviljad - Toiduteave.ee\",\"isPartOf\":{\"@id\":\"https:\/\/toiduteave.ee\/margistamine\/#website\"},\"datePublished\":\"2021-06-29T07:43:43+00:00\",\"dateModified\":\"2021-07-23T07:12:05+00:00\",\"breadcrumb\":{\"@id\":\"https:\/\/toiduteave.ee\/margistamine\/puu-ja-koogiviljad\/#breadcrumb\"},\"inLanguage\":\"et\",\"potentialAction\":[{\"@type\":\"ReadAction\",\"target\":[\"https:\/\/toiduteave.ee\/margistamine\/puu-ja-koogiviljad\/\"]}]},{\"@type\":\"BreadcrumbList\",\"@id\":\"https:\/\/toiduteave.ee\/margistamine\/puu-ja-koogiviljad\/#breadcrumb\",\"itemListElement\":[{\"@type\":\"ListItem\",\"position\":1,\"name\":\"Home\",\"item\":\"https:\/\/toiduteave.ee\/margistamine\/\"},{\"@type\":\"ListItem\",\"position\":2,\"name\":\"Puu- ja k\u00f6\u00f6giviljad\"}]},{\"@type\":\"WebSite\",\"@id\":\"https:\/\/toiduteave.ee\/margistamine\/#website\",\"url\":\"https:\/\/toiduteave.ee\/margistamine\/\",\"name\":\"Toiduteave.ee\",\"description\":\"Toidu m&auml;rgistamise e-k&auml;siraamat\",\"potentialAction\":[{\"@type\":\"SearchAction\",\"target\":{\"@type\":\"EntryPoint\",\"urlTemplate\":\"https:\/\/toiduteave.ee\/margistamine\/?s={search_term_string}\"},\"query-input\":\"required name=search_term_string\"}],\"inLanguage\":\"et\"}]}<\/script>\n<!-- \/ Yoast SEO plugin. -->","yoast_head_json":{"title":"Puu- ja k\u00f6\u00f6giviljad - Toiduteave.ee","robots":{"index":"index","follow":"follow","max-snippet":"max-snippet:-1","max-image-preview":"max-image-preview:large","max-video-preview":"max-video-preview:-1"},"canonical":"https:\/\/toiduteave.ee\/margistamine\/puu-ja-koogiviljad\/","og_locale":"et_EE","og_type":"article","og_title":"Puu- ja k\u00f6\u00f6giviljad - Toiduteave.ee","og_description":"Enamiku v\u00e4rskete puu- ja k\u00f6\u00f6giviljade ning marjade kohta on kehtestatud turustamisstandardid ja nendega koos ka m\u00e4rgistamise lisan\u00f5uded. Turustamisstandarditega h\u00f5lmamata v\u00e4rskete aiandustoodete kohta kehtivad vaid \u00fcldised toidualase teabe esitamise n\u00f5uded.","og_url":"https:\/\/toiduteave.ee\/margistamine\/puu-ja-koogiviljad\/","og_site_name":"Toiduteave.ee","article_modified_time":"2021-07-23T07:12:05+00:00","og_image":[{"width":1200,"height":630,"url":"https:\/\/toiduteave.ee\/margistamine\/wp-content\/uploads\/2022\/10\/og-image-toiduteave.ee_-2.jpg","type":"image\/jpeg"}],"twitter_card":"summary_large_image","twitter_misc":{"Est. reading time":"7 minutit"},"schema":{"@context":"https:\/\/schema.org","@graph":[{"@type":"WebPage","@id":"https:\/\/toiduteave.ee\/margistamine\/puu-ja-koogiviljad\/","url":"https:\/\/toiduteave.ee\/margistamine\/puu-ja-koogiviljad\/","name":"Puu- ja k\u00f6\u00f6giviljad - Toiduteave.ee","isPartOf":{"@id":"https:\/\/toiduteave.ee\/margistamine\/#website"},"datePublished":"2021-06-29T07:43:43+00:00","dateModified":"2021-07-23T07:12:05+00:00","breadcrumb":{"@id":"https:\/\/toiduteave.ee\/margistamine\/puu-ja-koogiviljad\/#breadcrumb"},"inLanguage":"et","potentialAction":[{"@type":"ReadAction","target":["https:\/\/toiduteave.ee\/margistamine\/puu-ja-koogiviljad\/"]}]},{"@type":"BreadcrumbList","@id":"https:\/\/toiduteave.ee\/margistamine\/puu-ja-koogiviljad\/#breadcrumb","itemListElement":[{"@type":"ListItem","position":1,"name":"Home","item":"https:\/\/toiduteave.ee\/margistamine\/"},{"@type":"ListItem","position":2,"name":"Puu- ja k\u00f6\u00f6giviljad"}]},{"@type":"WebSite","@id":"https:\/\/toiduteave.ee\/margistamine\/#website","url":"https:\/\/toiduteave.ee\/margistamine\/","name":"Toiduteave.ee","description":"Toidu m&auml;rgistamise e-k&auml;siraamat","potentialAction":[{"@type":"SearchAction","target":{"@type":"EntryPoint","urlTemplate":"https:\/\/toiduteave.ee\/margistamine\/?s={search_term_string}"},"query-input":"required name=search_term_string"}],"inLanguage":"et"}]}},"_links":{"self":[{"href":"https:\/\/toiduteave.ee\/margistamine\/wp-json\/wp\/v2\/pages\/1622","targetHints":{"allow":["GET"]}}],"collection":[{"href":"https:\/\/toiduteave.ee\/margistamine\/wp-json\/wp\/v2\/pages"}],"about":[{"href":"https:\/\/toiduteave.ee\/margistamine\/wp-json\/wp\/v2\/types\/page"}],"author":[{"embeddable":true,"href":"https:\/\/toiduteave.ee\/margistamine\/wp-json\/wp\/v2\/users\/4"}],"replies":[{"embeddable":true,"href":"https:\/\/toiduteave.ee\/margistamine\/wp-json\/wp\/v2\/comments?post=1622"}],"version-history":[{"count":15,"href":"https:\/\/toiduteave.ee\/margistamine\/wp-json\/wp\/v2\/pages\/1622\/revisions"}],"predecessor-version":[{"id":2089,"href":"https:\/\/toiduteave.ee\/margistamine\/wp-json\/wp\/v2\/pages\/1622\/revisions\/2089"}],"wp:attachment":[{"href":"https:\/\/toiduteave.ee\/margistamine\/wp-json\/wp\/v2\/media?parent=1622"}],"curies":[{"name":"wp","href":"https:\/\/api.w.org\/{rel}","templated":true}]}}