{"id":787,"date":"2020-08-14T08:45:27","date_gmt":"2020-08-14T08:45:27","guid":{"rendered":"https:\/\/toiduteave.ee\/margistamine\/?page_id=787"},"modified":"2021-07-08T08:42:23","modified_gmt":"2021-07-08T08:42:23","slug":"kaugmuuk","status":"publish","type":"page","link":"https:\/\/toiduteave.ee\/margistamine\/kaugmuuk\/","title":{"rendered":"Kaugm\u00fc\u00fck"},"content":{"rendered":"<p><span class='tooltipsall tooltip_post_id_1304 classtoolTips51'><\/span><span class='tooltipsall tooltip_post_id_1288 classtoolTips36'><\/span><span class='tooltipsall tooltip_post_id_1287 classtoolTips35'><\/span><span class='tooltipsall tooltip_post_id_1303 classtoolTips29'><\/span><span class='tooltipsall tooltip_post_id_1291 classtoolTips12'><\/span><span class='tooltipsall tooltip_post_id_1284 classtoolTips10'><\/span><span class='tooltipsall tooltip_post_id_1293 classtoolTips8'><\/span>[et_pb_section fb_built=&#8221;1&#8243; _builder_version=&#8221;4.4.7&#8243; custom_padding=&#8221;30px|||||&#8221; da_disable_devices=&#8221;off|off|off&#8221; da_is_popup=&#8221;off&#8221; da_exit_intent=&#8221;off&#8221; da_has_close=&#8221;on&#8221; da_alt_close=&#8221;off&#8221; da_dark_close=&#8221;off&#8221; da_not_modal=&#8221;on&#8221; da_is_singular=&#8221;off&#8221; da_with_loader=&#8221;off&#8221; da_has_shadow=&#8221;on&#8221;][et_pb_row column_structure=&#8221;3_4,1_4&#8243; _builder_version=&#8221;4.9.7&#8243; max_width=&#8221;80%&#8221; locked=&#8221;off&#8221; custom_css_main_element_last_edited=&#8221;on|phone&#8221; custom_css_main_element_phone=&#8221;display: flex;||flex-wrap: wrap;&#8221;][et_pb_column type=&#8221;3_4&#8243; _builder_version=&#8221;4.9.7&#8243; custom_css_main_element=&#8221;order: 2;&#8221; custom_css_before_last_edited=&#8221;on|phone&#8221;][et_pb_text _builder_version=&#8221;4.9.3&#8243; _module_preset=&#8221;default&#8221; text_line_height=&#8221;1.4em&#8221; header_font=&#8221;|600|||||||&#8221; header_text_align=&#8221;center&#8221; header_text_color=&#8221;#009b96&#8243; header_line_height=&#8221;1.7em&#8221; header_3_font=&#8221;|600|||||||&#8221; text_orientation=&#8221;justified&#8221; custom_margin=&#8221;||8px|||&#8221; locked=&#8221;off&#8221;]<\/p>\n<h1>Kaugm\u00fc\u00fck<\/h1>\n<p>[\/et_pb_text][et_pb_text module_id=&#8221;sissejuhatus&#8221; _builder_version=&#8221;4.9.7&#8243; header_2_font=&#8221;|600|||||||&#8221; header_2_text_color=&#8221;#009b96&#8243; header_2_font_size=&#8221;20px&#8221; header_3_font=&#8221;|600|||||||&#8221; header_3_line_height=&#8221;1.3em&#8221; custom_margin=&#8221;||2px|||&#8221; custom_padding=&#8221;||0px|||&#8221; locked=&#8221;off&#8221;]<\/p>\n<div id=\"ez-toc-container\" class=\"ez-toc-v2_0_34 counter-hierarchy ez-toc-counter ez-toc-container-direction\">\n<div class=\"ez-toc-title-container\">\n<p class=\"ez-toc-title\">SISUKORD<\/p>\n<span class=\"ez-toc-title-toggle\"><a href=\"#\" class=\"ez-toc-pull-right ez-toc-btn ez-toc-btn-xs ez-toc-btn-default ez-toc-toggle\" style=\"display: none;\"><label for=\"item\" aria-label=\"Table of Content\"><i class=\"ez-toc-glyphicon ez-toc-icon-toggle\"><\/i><\/label><input type=\"checkbox\" id=\"item\"><\/a><\/span><\/div>\n<nav><ul class='ez-toc-list ez-toc-list-level-1'><li class='ez-toc-page-1 ez-toc-heading-level-2'><a class=\"ez-toc-link ez-toc-heading-1\" href=\"https:\/\/toiduteave.ee\/margistamine\/kaugmuuk\/#Sissejuhatus\" title=\"Sissejuhatus\">Sissejuhatus<\/a><\/li><li class='ez-toc-page-1 ez-toc-heading-level-2'><a class=\"ez-toc-link ez-toc-heading-2\" href=\"https:\/\/toiduteave.ee\/margistamine\/kaugmuuk\/#Teabe_edastamise_nouded\" title=\"Teabe edastamise n\u00f5uded\">Teabe edastamise n\u00f5uded<\/a><\/li><li class='ez-toc-page-1 ez-toc-heading-level-2'><a class=\"ez-toc-link ez-toc-heading-3\" href=\"https:\/\/toiduteave.ee\/margistamine\/kaugmuuk\/#Pakendamata_toidu_kaugmuuk\" title=\"Pakendamata toidu kaugm\u00fc\u00fck \">Pakendamata toidu kaugm\u00fc\u00fck <\/a><\/li><li class='ez-toc-page-1 ez-toc-heading-level-2'><a class=\"ez-toc-link ez-toc-heading-4\" href=\"https:\/\/toiduteave.ee\/margistamine\/kaugmuuk\/#Muugiautomaadid\" title=\"M\u00fc\u00fcgiautomaadid\">M\u00fc\u00fcgiautomaadid<\/a><\/li><li class='ez-toc-page-1 ez-toc-heading-level-2'><a class=\"ez-toc-link ez-toc-heading-5\" href=\"https:\/\/toiduteave.ee\/margistamine\/kaugmuuk\/#Lisamaterjalid\" title=\"Lisamaterjalid\">Lisamaterjalid<\/a><\/li><\/ul><\/nav><\/div>\n<h2><span class=\"ez-toc-section\" id=\"Sissejuhatus\"><\/span>Sissejuhatus<span class=\"ez-toc-section-end\"><\/span><\/h2>\n<p>[\/et_pb_text][et_pb_text _builder_version=&#8221;4.9.7&#8243; text_line_height=&#8221;1.4em&#8221; link_font=&#8221;||||on||||&#8221; link_text_color=&#8221;#2ea3f2&#8243; header_font=&#8221;|600|||||||&#8221; header_text_align=&#8221;center&#8221; header_text_color=&#8221;#0c71c3&#8243; header_line_height=&#8221;1.7em&#8221; header_3_font=&#8221;|600|||||||&#8221; text_orientation=&#8221;justified&#8221; locked=&#8221;off&#8221;]<\/p>\n<p>K\u00f5ik <span class='tooltipsall tooltip_post_id_1285 classtoolTips18'>toidualase teabe<\/span> esitamise n\u00f5uded (sh toidugruppide erin\u00f5uded) kehtivad ka siis, kui toitu m\u00fc\u00fcakse veebipoe, sotsiaalmeedia, ostu-m\u00fc\u00fcgiportaali, m\u00fc\u00fcgikataloogi, telefoni, e-posti, teksts\u00f5numi v\u00f5i muude sidevahendite ja -v\u00f5imaluste vahendusel. Sellist m\u00fc\u00fcgiviisi nimetatakse kaugm\u00fc\u00fcgiks.<\/p>\n<p>Siin eristatakse sisuliselt kahte ajahetke, millal teave toidu kohta peab tarbijani j\u00f5udma:<\/p>\n<ul>\n<li>enne ostu sooritamist s.t enne, kui tarbija otsustab ostu j\u00e4tkata;<\/li>\n<li>k\u00e4ttetoimetamise ajal.<\/li>\n<\/ul>\n<p>Kui kaugm\u00fc\u00fcgikanalit kasutatakse vaid reklaamiks ning selle kaudu ei pakuta v\u00f5imalust toitu osta, siis ei kehti alltoodud toidualase teabe esitamise n\u00f5uded. K\u00fcll aga tuleb reklaamimisel j\u00e4rgida \u00fcldiseid toidualase teabe edastamise n\u00f5udeid, mille kohaselt teave peab olema t\u00e4pne, selge ja tarbijale kergesti arusaadav, see ei tohi olla eksitav ning toidule ei tohi omistada haigusi v\u00e4ltida aitavaid, leevendavaid v\u00f5i ravivaid omadusi. Kui kohustusliku toidualase teabe hulka kuuluvaid andmeid esitatakse vabatahtlikult, tuleb need esitada toidualase teabe n\u00f5udeid j\u00e4rgides.<\/p>\n<p>Kaugm\u00fc\u00fcki k\u00e4sitlevad s\u00e4tted on ette n\u00e4htud h\u00f5lmama tarbijale m\u00fc\u00fcdavaid toite ja jooke ega puuduta ettev\u00f5tetevahelisi tehinguid.<\/p>\n<p>[\/et_pb_text][\/et_pb_column][et_pb_column type=&#8221;1_4&#8243; _builder_version=&#8221;4.9.7&#8243; custom_css_main_element=&#8221;order: 1;&#8221; custom_css_before_last_edited=&#8221;on|phone&#8221;][et_pb_text disabled_on=&#8221;on|on|off&#8221; module_id=&#8221;kiirlingid&#8221; _builder_version=&#8221;4.9.7&#8243; text_font=&#8221;|600|||||||&#8221; text_text_color=&#8221;#000000&#8243; text_font_size=&#8221;16px&#8221; link_text_color=&#8221;#000000&#8243; header_font=&#8221;|800|||||||&#8221; header_text_align=&#8221;center&#8221; header_text_color=&#8221;#009b96&#8243; header_font_size=&#8221;20px&#8221; header_line_height=&#8221;2em&#8221; background_color=&#8221;rgba(0,0,0,0.01)&#8221; text_orientation=&#8221;center&#8221; width=&#8221;75%&#8221; module_alignment=&#8221;center&#8221; custom_padding=&#8221;20px|10px|20px|10px|true|true&#8221; border_radii=&#8221;on|20px|20px|20px|20px&#8221; box_shadow_style=&#8221;preset3&#8243; box_shadow_color=&#8221;rgba(0,0,0,0.2)&#8221; global_module=&#8221;685&#8243; saved_tabs=&#8221;all&#8221; locked=&#8221;off&#8221;]<\/p>\n<h1><strong>KIIRLINGID<\/strong><\/h1>\n<p><a href=\"https:\/\/toiduteave.ee\/margistamine\/moisted\/\">M\u00f5isted<\/a><\/p>\n<p><a href=\"https:\/\/toiduteave.ee\/margistamine\/oigusaktid\/\">\u00d5igusaktid<\/a><\/p>\n<p><a href=\"https:\/\/toiduteave.ee\/margistamine\/juhendid\/\">Juhendid<\/a><\/p>\n<p><a href=\"https:\/\/toiduteave.ee\/margistamine\/kasutatud-kirjandus\">Kasutatud kirjandus<\/a><\/p>\n<p>[\/et_pb_text][et_pb_blurb title=&#8221;Lae alla PDF-ina&#8221; image=&#8221;https:\/\/toiduteave.ee\/margistamine\/wp-content\/uploads\/2020\/05\/pdf-logo.png&#8221; image_max_width=&#8221;25%&#8221; _builder_version=&#8221;4.9.7&#8243; _module_preset=&#8221;default&#8221; header_font=&#8221;Open Sans||||||||&#8221; header_text_align=&#8221;center&#8221; header_font_size=&#8221;15px&#8221; animation=&#8221;off&#8221; link_option_url=&#8221;?print-posts=pdf&#8221; link_option_url_new_window=&#8221;on&#8221;][\/et_pb_blurb][\/et_pb_column][\/et_pb_row][et_pb_row _builder_version=&#8221;4.9.3&#8243; _module_preset=&#8221;default&#8221; max_width=&#8221;80%&#8221;][et_pb_column type=&#8221;4_4&#8243; _builder_version=&#8221;4.5.3&#8243; _module_preset=&#8221;default&#8221;][et_pb_text module_id=&#8221;teabe&#8221; _builder_version=&#8221;4.9.7&#8243; header_2_font=&#8221;|600|||||||&#8221; header_2_text_color=&#8221;#009b96&#8243; header_2_font_size=&#8221;20px&#8221; header_3_font=&#8221;|600|||||||&#8221; header_3_line_height=&#8221;1.3em&#8221; custom_padding=&#8221;||0px|||&#8221;]<\/p>\n<h2><span class=\"ez-toc-section\" id=\"Teabe_edastamise_nouded\"><\/span>Teabe edastamise n\u00f5uded<span class=\"ez-toc-section-end\"><\/span><\/h2>\n<p><strong><span>Kohustuslik <span class='tooltipsall tooltip_post_id_1285 classtoolTips18'>toidualane teave<\/span> peab olema tarbijatele k\u00e4ttesaadav enne ostu sooritamist<\/span><\/strong><span>. Selle saab tarbijale k\u00e4ttesaadavaks teha n\u00e4iteks e-poes, tootja veebilehel, kataloogis, mobiilirakenduse, e-posti v\u00f5i tasuta infotelefoni kaudu. Sobivad ka selgelt loetavad fotod toote pakendile kantud m\u00e4rgistusest. Kogu kohustuslik teave peab olema tarbijale k\u00e4ttesaadav tasuta ja eesti keeles. Kui kaugm\u00fc\u00fcki toetavas materjalis (nt kataloogis, e-poes) teavet ei ole, peab m\u00fc\u00fcja andma selged juhised selle kohta, kust teavet saab (nt viitama kataloogis tootja veebilehele).<\/span><\/p>\n<p><span>Oluline on m\u00e4rkida, et teabe esitamisel tuleb samuti j\u00e4rgida kehtestatud \u00fcksikasju, n\u00e4iteks allergeenid tuleb <span class='tooltipsall tooltip_post_id_1286 classtoolTips7'>m\u00fc\u00fcgipakendis toidu<\/span> kaugm\u00fc\u00fcgi korral esitada r\u00f5hutatult teistest koostisosadest eristuval kujul.<\/span><\/p>\n<p><strong>Erandid on<\/strong> m\u00fc\u00fcgipakendil esitatavad kuup\u00e4evad \u201eparim enne\u201c, \u201eparim enne l\u00f5ppu\u201c, \u201ek\u00f5lblik kuni\u201c ja \u201ek\u00fclmutatud\u201c, mis peavad olema esitatud pakendil v\u00f5i sellele kinnitatud m\u00e4rgistusel k\u00e4ttetoimetamise ajal.<\/p>\n<p><span>N\u00e4iteks kui m\u00fc\u00fcgipakendis toidu reklaamimiseks kasutatakse katalooge ja v\u00f5imaldatakse esitada tellimusi telefoni teel, peab kogu n\u00f5utav teave olema n\u00e4htav kaugm\u00fc\u00fcki toetavas kataloogis v\u00f5i tootja veebilehel. Viimasel juhul tuleb veebiaadress, kust leiab n\u00f5utava teabe iga konkreetse toote kohta, esitada s\u00f5naselgelt m\u00fc\u00fcgipakkumise juures.<\/span><\/p>\n<p><span>Tuleb ette olukordi, kus kaugm\u00fc\u00fcgi teel m\u00fc\u00fcakse <span class='tooltipsall tooltip_post_id_1286 classtoolTips7'>m\u00fc\u00fcgipakendis toitu<\/span>, mille puhul teatavad andmed v\u00f5ivad muutuda.<\/span><span>\u00a0<\/span><\/p>\n<p>N\u00e4iteks kui esitatakse toote p\u00e4ritoluriik ning see v\u00f5ib olla erinev, tuleks veebilehel v\u00f5i muus teabeallikas \u00e4ra m\u00e4rkida \u00fcldteave, mis teavitaks tarbijat erinevatest v\u00f5imalustest (nt \u201etoote p\u00e4ritoluriik v\u00f5ib olla \u00dchendkuningriik, Iirimaa v\u00f5i Belgia\u201c). Ostetava toote t\u00e4pne p\u00e4ritoluriik peab siiski k\u00e4ttetoimetamise ajal olema esitatud pakendil v\u00f5i sellele kinnitatud m\u00e4rgistusel. Kui ettev\u00f5te m\u00fc\u00fcb veebilehe kaudu m\u00fc\u00fcgipakendis toitu kaaluhinnaga (igal tootel on eraldi hind) ja toote kaalu ei ole v\u00f5imalik ette arvutada, tuleb tarbijale esitada kaaluvahemikud. N\u00e4iteks kana puhul peaks esitama v\u00e4hemalt valikuvariandid \u201ev\u00e4ike (0,9\u20131,19 kg)\u201c, \u201ekeskmine (1,2\u20131,75 kg)\u201c ja \u201esuur (1,8\u20132,1 kg)\u201c. Igal juhul tuleb k\u00e4ttetoimetamise ajal esitada t\u00e4pne kaal ostetud toidu pakendil v\u00f5i sellele kinnitatud m\u00e4rgistusel.[3]<\/p>\n<p><span>Unustada ei tohi, et toidu kaugm\u00fc\u00fcgi korral peab j\u00e4rgima ka tarbijakaitseseaduse n\u00f5udeid, kus on s\u00e4testatud see, millised andmed peavad olema avaldatud lepingueelses teabes, kui kaupa m\u00fc\u00fcakse sidevahendite kaudu.<\/span><\/p>\n<p>[\/et_pb_text][et_pb_text module_id=&#8221;pakendamata&#8221; _builder_version=&#8221;4.9.3&#8243; text_line_height=&#8221;1.4em&#8221; link_font=&#8221;||||on||||&#8221; link_text_color=&#8221;#2ea3f2&#8243; header_font=&#8221;|600|||||||&#8221; header_font_size=&#8221;24px&#8221; header_line_height=&#8221;1.3em&#8221; header_2_font=&#8221;|600|||||||&#8221; header_2_text_color=&#8221;#009b96&#8243; header_2_font_size=&#8221;20px&#8221; header_3_font=&#8221;|600|||||||&#8221; text_orientation=&#8221;justified&#8221;]<\/p>\n<h2><span class=\"ez-toc-section\" id=\"Pakendamata_toidu_kaugmuuk\"><\/span><span lang=\"ET\">Pakendamata toidu kaugm\u00fc\u00fck <o:p><\/o:p><\/span><span class=\"ez-toc-section-end\"><\/span><\/h2>\n<p><strong>Pakendamata toidu<\/strong> puhul tuleb samuti edastada tarbijale toidualast teavet, kuid see, mida ja kuidas edastada, on j\u00e4etud liikmesriikide otsustada. Eestis kehtib <a href=\"https:\/\/www.riigiteataja.ee\/akt\/113032015019\" target=\"_blank\" rel=\"noopener\">p\u00f5llumajandusministri m\u00e4\u00e4rus nr 24<\/a> \u201eM\u00fc\u00fcgipakendisse pakendamata toidu toidualase teabe esitamise n\u00f5uded\u201c (vastu v\u00f5etud 11.03.2015). Sellega on kehtestatud jaekaubandus- ja toitlustusettev\u00f5ttest tarbijale \u00fcleantava toidu toidualase teabe esitamise n\u00f5uded:<\/p>\n<ul>\n<li>m\u00fc\u00fcgipakendisse pakendamata toidu kohta (nt puu- ja k\u00f6\u00f6giviljad, kaupluses v\u00f5i kohvikus lahtiselt m\u00fc\u00fcdavad saiakesed ja s\u00f6\u00f6gikohas pakutav praad v\u00f5i supp);<\/li>\n<li>tarbija soovil pakendatava toidu kohta (nt kaupluses kaasam\u00fc\u00fcdav salat, sink, kartulip\u00fcree, restoranist kaasaostetav praad v\u00f5i pitsa);<\/li>\n<li>tarbija juuresolekuta vahetult m\u00fc\u00fcgiks pakendatud toidu kohta (nt kaupluses pakendatud singiviilud, soolal\u00f5he, salat v\u00f5i juustut\u00fckk).<\/li>\n<\/ul>\n<p>Vastavalt m\u00e4\u00e4ruse (EL) nr 1169\/2011 artikli 14 punktile 2 tuleb need andmed, mida n\u00f5utakse pakendamata toidu kohta riigisiseste \u00f5igusaktidega, teha kaugm\u00fc\u00fcgi puhul tarbijale k\u00e4ttesaadavaks eespool kirjeldatud p\u00f5him\u00f5tete alusel.<\/p>\n<p>P\u00f5llumajandusministri m\u00e4\u00e4ruses nr 24 on toodud allj\u00e4rgnevad t\u00e4psustused. Vaata lisateavet ka <a href=\"https:\/\/toiduteave.ee\/margistamine\/pakendamata-toit\/\">pakendamata toidu peat\u00fckist<\/a>.<\/p>\n<p><strong><span>Toitlustusettev\u00f5tted<\/span><\/strong><span> (restoranid, pubid, kohvikud jms), kes m\u00fc\u00fcvad pakendamata v\u00f5i tarbija soovil pakendatavat toitu, peavad toidu kohta esitama toidu nimetuse ja teabe allergiat v\u00f5i talumatust p\u00f5hjustada v\u00f5ivate koostisosade kohta. Allergeene ei pea tr\u00fckitehniliselt r\u00f5hutama.<\/span><\/p>\n<p><span>Veebi, telefoni v\u00f5i muude sidevahendite vahendusel m\u00fc\u00fcmise korral peab see teave olema k\u00e4ttesaadav enne tellimuse esitamist (nt teabematerjali, m\u00fc\u00fcgikataloogi, veebilehe, telefonirakenduse v\u00f5i infotelefoni kaudu). Samuti peab teave olema k\u00e4ttetoimetamise ajal esitatud pakendil, sellele kinnitatud sildil\/etiketil v\u00f5i toiduga kaasasoleval teabelehel.<\/span><\/p>\n<p><strong><span>Jaekaubandusettev\u00f5tted<\/span><\/strong><span> (kauplused, kioskid jms), kes pakuvad pakendamata v\u00f5i tarbija soovil pakendatavat toitu, peavad toidu kohta esitama toidu nimetuse ja sellega koos n\u00f5utavad andmed m\u00e4\u00e4ruse (EL) nr 1169\/2011 VI lisa osast\u00a0A (v.a punktis 5 n\u00f5utud andmed lisatud valkude kohta) ning osast\u00a0C. VI lisas n\u00f5utakse n\u00e4iteks andmeid toidu f\u00fc\u00fcsikalise oleku v\u00f5i erit\u00f6\u00f6tluse kohta (nt suitsutatud, k\u00fclmkuivatatud, sulatatud vms). Lisaks tuleb esitada allergeenid, k\u00e4itleja nimi, teatud juhtudel toote p\u00e4ritolu ning s\u00e4ilimisaeg. Allergeene ei pea tr\u00fckitehniliselt r\u00f5hutama.<\/span><\/p>\n<p><span>Veebi, telefoni v\u00f5i muu sidevahendi vahendusel m\u00fc\u00fcmise korral peab see teave (v.a s\u00e4ilimisaeg) olema k\u00e4ttesaadav enne tellimuse esitamist. K\u00e4ttetoimetamise ajal peab kogu n\u00f5utav teave olema esitatud pakendil v\u00f5i toiduga kaasasoleval teabelehel.<\/span><\/p>\n<p><strong>N\u00e4ide.<\/strong> Klient tellib telefoni teel pitsa, millele l\u00e4heb ise restorani j\u00e4rele. Millise teabe peab restoran tarbijale edastama? Kuidas ja millal tuleb teave edastada?<\/p>\n<p>Sellisel juhul kohaldatakse p\u00f5llumajandusministri m\u00e4\u00e4rust nr 24. Tegemist on pakendamata toiduga, mis pakendatakse tarbija soovil toitlustusettev\u00f5ttes. Esitada tuleb toidu nimetus ja allergeenid. See teave peab olema k\u00e4ttesaadav enne tellimuse esitamist (nt teabematerjali, veebilehe, mobiilirakenduse v\u00f5i telefonik\u00f5ne kaudu) ning samuti olema k\u00e4ttetoimetamise (kliendile \u00fcleandmise) ajal esitatud pakendil v\u00f5i toiduga kaasasoleval teabelehel. Allergeene ei pea tr\u00fckitehniliselt r\u00f5hutama.<\/p>\n<p><strong><\/strong><\/p>\n<p>[\/et_pb_text][et_pb_text module_id=&#8221;muugiautomaadid&#8221; _builder_version=&#8221;4.9.3&#8243; _module_preset=&#8221;default&#8221; link_font=&#8221;||||on||||&#8221; link_text_color=&#8221;#2ea3f2&#8243; header_2_font=&#8221;|600|||||||&#8221; header_2_text_color=&#8221;#009b96&#8243; header_2_font_size=&#8221;20px&#8221;]<\/p>\n<h2><span class=\"ez-toc-section\" id=\"Muugiautomaadid\"><\/span>M\u00fc\u00fcgiautomaadid<span class=\"ez-toc-section-end\"><\/span><\/h2>\n<p>M\u00fc\u00fcgiautomaadid ja automatiseeritud m\u00fc\u00fcgikohad kuuluvad samuti kaugm\u00fc\u00fcgi m\u00f5iste alla. Nende puhul ei kehti aga n\u00f5ue, mille kohaselt peab tarbija saama teabe toidu kohta enne ostu sooritamist. Seda ei n\u00f5uta ei m\u00fc\u00fcgipakendis ega ka pakendamata toidu automaadist m\u00fc\u00fcgi korral. Automaadist ostetava toidu kohta saab tarbija teabe siis, kui ta on toidu automaadist k\u00e4tte saanud, s.t p\u00e4rast k\u00e4ttetoimetamist. See, millise teabe tarbija peab saama, s\u00f5ltub sellest, kas tegemist on pakendatud toiduga, mille kohta kehtivad m\u00e4\u00e4ruse (EL) nr 1169\/2011 n\u00f5uded, v\u00f5i \u00fchega pakendamata toidu liikidest, mille puhul tuleb j\u00e4rgida pakendamata toidu kohta p\u00f5llumajandusministri m\u00e4\u00e4rusega nr 24 kehtestatud n\u00f5udeid.<\/p>\n<p>[\/et_pb_text][et_pb_text module_id=&#8221;lisamaterjalid&#8221; _builder_version=&#8221;4.9.7&#8243; _module_preset=&#8221;default&#8221; link_font=&#8221;||||on||||&#8221; link_text_color=&#8221;#2ea3f2&#8243; header_2_font=&#8221;|600|||||||&#8221; header_2_text_color=&#8221;#009b96&#8243; header_2_font_size=&#8221;20px&#8221;]<\/p>\n<h2><span class=\"ez-toc-section\" id=\"Lisamaterjalid\"><\/span>Lisamaterjalid<span class=\"ez-toc-section-end\"><\/span><\/h2>\n<p>Euroopa Komisjoni talituste koostatud t\u00f6\u00f6dokument \u201eK\u00fcsimused, mis on seotud kaugm\u00fc\u00fcgiga tarbijatele toidualase teabe esitamist k\u00e4sitleva m\u00e4\u00e4ruse (EL) nr 1169\/2011 kontekstis\u201c, <a href=\"https:\/\/www.agri.ee\/sites\/default\/files\/content\/valjaanded\/2016\/toiduohutus-margistamine-kaugmuuk-2016-05-27.pdf\" target=\"_blank\" rel=\"noopener\">vaata siit<\/a>.<\/p>\n<p>P\u00f5llumajandus- ja Toiduameti juhend \u201eToidu m\u00fc\u00fck ja reklaam e-kaubanduses\u201c, <a href=\"https:\/\/pta.agri.ee\/media\/3366\/download\" target=\"_blank\" rel=\"noopener\">vaata siit<\/a>.<\/p>\n<p>[\/et_pb_text][\/et_pb_column][\/et_pb_row][\/et_pb_section]<\/p>\n","protected":false},"excerpt":{"rendered":"<p>K\u00f5ik toidualase teabe esitamise n\u00f5uded kehtivad ka siis, kui toitu m\u00fc\u00fcakse veebipoe, sotsiaalmeedia, m\u00fc\u00fcgikataloogi, telefoni, e-posti, teksts\u00f5numi v\u00f5i muu kaugm\u00fc\u00fcgiviisi kaudu. Kohustuslik toidualane teave peab \u00fcldjuhul olema tarbijatele k\u00e4ttesaadav enne ostu sooritamist.<\/p>\n","protected":false},"author":2,"featured_media":0,"parent":0,"menu_order":0,"comment_status":"closed","ping_status":"closed","template":"","meta":{"_et_pb_use_builder":"on","_et_pb_old_content":"","_et_gb_content_width":"","_lmt_disableupdate":"no","_lmt_disable":"no","footnotes":""},"class_list":["post-787","page","type-page","status-publish","hentry"],"yoast_head":"<!-- This site is optimized with the Yoast SEO plugin v19.8 - https:\/\/yoast.com\/wordpress\/plugins\/seo\/ -->\n<title>Kaugm\u00fc\u00fck - Toiduteave.ee<\/title>\n<meta name=\"robots\" content=\"index, follow, max-snippet:-1, max-image-preview:large, max-video-preview:-1\" \/>\n<link rel=\"canonical\" href=\"https:\/\/toiduteave.ee\/margistamine\/kaugmuuk\/\" \/>\n<meta property=\"og:locale\" content=\"et_EE\" \/>\n<meta property=\"og:type\" content=\"article\" \/>\n<meta property=\"og:title\" content=\"Kaugm\u00fc\u00fck - Toiduteave.ee\" \/>\n<meta property=\"og:description\" content=\"K\u00f5ik toidualase teabe esitamise n\u00f5uded kehtivad ka siis, kui toitu m\u00fc\u00fcakse veebipoe, sotsiaalmeedia, m\u00fc\u00fcgikataloogi, telefoni, e-posti, teksts\u00f5numi v\u00f5i muu kaugm\u00fc\u00fcgiviisi kaudu. Kohustuslik toidualane teave peab \u00fcldjuhul olema tarbijatele k\u00e4ttesaadav enne ostu sooritamist.\" \/>\n<meta property=\"og:url\" content=\"https:\/\/toiduteave.ee\/margistamine\/kaugmuuk\/\" \/>\n<meta property=\"og:site_name\" content=\"Toiduteave.ee\" \/>\n<meta property=\"article:modified_time\" content=\"2021-07-08T08:42:23+00:00\" \/>\n<meta property=\"og:image\" content=\"https:\/\/toiduteave.ee\/margistamine\/wp-content\/uploads\/2022\/10\/og-image-toiduteave.ee_-2.jpg\" \/>\n\t<meta property=\"og:image:width\" content=\"1200\" \/>\n\t<meta property=\"og:image:height\" content=\"630\" \/>\n\t<meta property=\"og:image:type\" content=\"image\/jpeg\" \/>\n<meta name=\"twitter:card\" content=\"summary_large_image\" \/>\n<meta name=\"twitter:label1\" content=\"Est. reading time\" \/>\n\t<meta name=\"twitter:data1\" content=\"9 minutit\" \/>\n<script type=\"application\/ld+json\" class=\"yoast-schema-graph\">{\"@context\":\"https:\/\/schema.org\",\"@graph\":[{\"@type\":\"WebPage\",\"@id\":\"https:\/\/toiduteave.ee\/margistamine\/kaugmuuk\/\",\"url\":\"https:\/\/toiduteave.ee\/margistamine\/kaugmuuk\/\",\"name\":\"Kaugm\u00fc\u00fck - Toiduteave.ee\",\"isPartOf\":{\"@id\":\"https:\/\/toiduteave.ee\/margistamine\/#website\"},\"datePublished\":\"2020-08-14T08:45:27+00:00\",\"dateModified\":\"2021-07-08T08:42:23+00:00\",\"breadcrumb\":{\"@id\":\"https:\/\/toiduteave.ee\/margistamine\/kaugmuuk\/#breadcrumb\"},\"inLanguage\":\"et\",\"potentialAction\":[{\"@type\":\"ReadAction\",\"target\":[\"https:\/\/toiduteave.ee\/margistamine\/kaugmuuk\/\"]}]},{\"@type\":\"BreadcrumbList\",\"@id\":\"https:\/\/toiduteave.ee\/margistamine\/kaugmuuk\/#breadcrumb\",\"itemListElement\":[{\"@type\":\"ListItem\",\"position\":1,\"name\":\"Home\",\"item\":\"https:\/\/toiduteave.ee\/margistamine\/\"},{\"@type\":\"ListItem\",\"position\":2,\"name\":\"Kaugm\u00fc\u00fck\"}]},{\"@type\":\"WebSite\",\"@id\":\"https:\/\/toiduteave.ee\/margistamine\/#website\",\"url\":\"https:\/\/toiduteave.ee\/margistamine\/\",\"name\":\"Toiduteave.ee\",\"description\":\"Toidu m&auml;rgistamise e-k&auml;siraamat\",\"potentialAction\":[{\"@type\":\"SearchAction\",\"target\":{\"@type\":\"EntryPoint\",\"urlTemplate\":\"https:\/\/toiduteave.ee\/margistamine\/?s={search_term_string}\"},\"query-input\":\"required name=search_term_string\"}],\"inLanguage\":\"et\"}]}<\/script>\n<!-- \/ Yoast SEO plugin. -->","yoast_head_json":{"title":"Kaugm\u00fc\u00fck - Toiduteave.ee","robots":{"index":"index","follow":"follow","max-snippet":"max-snippet:-1","max-image-preview":"max-image-preview:large","max-video-preview":"max-video-preview:-1"},"canonical":"https:\/\/toiduteave.ee\/margistamine\/kaugmuuk\/","og_locale":"et_EE","og_type":"article","og_title":"Kaugm\u00fc\u00fck - Toiduteave.ee","og_description":"K\u00f5ik toidualase teabe esitamise n\u00f5uded kehtivad ka siis, kui toitu m\u00fc\u00fcakse veebipoe, sotsiaalmeedia, m\u00fc\u00fcgikataloogi, telefoni, e-posti, teksts\u00f5numi v\u00f5i muu kaugm\u00fc\u00fcgiviisi kaudu. Kohustuslik toidualane teave peab \u00fcldjuhul olema tarbijatele k\u00e4ttesaadav enne ostu sooritamist.","og_url":"https:\/\/toiduteave.ee\/margistamine\/kaugmuuk\/","og_site_name":"Toiduteave.ee","article_modified_time":"2021-07-08T08:42:23+00:00","og_image":[{"width":1200,"height":630,"url":"https:\/\/toiduteave.ee\/margistamine\/wp-content\/uploads\/2022\/10\/og-image-toiduteave.ee_-2.jpg","type":"image\/jpeg"}],"twitter_card":"summary_large_image","twitter_misc":{"Est. reading time":"9 minutit"},"schema":{"@context":"https:\/\/schema.org","@graph":[{"@type":"WebPage","@id":"https:\/\/toiduteave.ee\/margistamine\/kaugmuuk\/","url":"https:\/\/toiduteave.ee\/margistamine\/kaugmuuk\/","name":"Kaugm\u00fc\u00fck - Toiduteave.ee","isPartOf":{"@id":"https:\/\/toiduteave.ee\/margistamine\/#website"},"datePublished":"2020-08-14T08:45:27+00:00","dateModified":"2021-07-08T08:42:23+00:00","breadcrumb":{"@id":"https:\/\/toiduteave.ee\/margistamine\/kaugmuuk\/#breadcrumb"},"inLanguage":"et","potentialAction":[{"@type":"ReadAction","target":["https:\/\/toiduteave.ee\/margistamine\/kaugmuuk\/"]}]},{"@type":"BreadcrumbList","@id":"https:\/\/toiduteave.ee\/margistamine\/kaugmuuk\/#breadcrumb","itemListElement":[{"@type":"ListItem","position":1,"name":"Home","item":"https:\/\/toiduteave.ee\/margistamine\/"},{"@type":"ListItem","position":2,"name":"Kaugm\u00fc\u00fck"}]},{"@type":"WebSite","@id":"https:\/\/toiduteave.ee\/margistamine\/#website","url":"https:\/\/toiduteave.ee\/margistamine\/","name":"Toiduteave.ee","description":"Toidu m&auml;rgistamise e-k&auml;siraamat","potentialAction":[{"@type":"SearchAction","target":{"@type":"EntryPoint","urlTemplate":"https:\/\/toiduteave.ee\/margistamine\/?s={search_term_string}"},"query-input":"required name=search_term_string"}],"inLanguage":"et"}]}},"_links":{"self":[{"href":"https:\/\/toiduteave.ee\/margistamine\/wp-json\/wp\/v2\/pages\/787","targetHints":{"allow":["GET"]}}],"collection":[{"href":"https:\/\/toiduteave.ee\/margistamine\/wp-json\/wp\/v2\/pages"}],"about":[{"href":"https:\/\/toiduteave.ee\/margistamine\/wp-json\/wp\/v2\/types\/page"}],"author":[{"embeddable":true,"href":"https:\/\/toiduteave.ee\/margistamine\/wp-json\/wp\/v2\/users\/2"}],"replies":[{"embeddable":true,"href":"https:\/\/toiduteave.ee\/margistamine\/wp-json\/wp\/v2\/comments?post=787"}],"version-history":[{"count":19,"href":"https:\/\/toiduteave.ee\/margistamine\/wp-json\/wp\/v2\/pages\/787\/revisions"}],"predecessor-version":[{"id":1894,"href":"https:\/\/toiduteave.ee\/margistamine\/wp-json\/wp\/v2\/pages\/787\/revisions\/1894"}],"wp:attachment":[{"href":"https:\/\/toiduteave.ee\/margistamine\/wp-json\/wp\/v2\/media?parent=787"}],"curies":[{"name":"wp","href":"https:\/\/api.w.org\/{rel}","templated":true}]}}