{"id":827,"date":"2020-08-14T09:10:40","date_gmt":"2020-08-14T09:10:40","guid":{"rendered":"https:\/\/toiduteave.ee\/margistamine\/?page_id=827"},"modified":"2021-07-08T16:44:31","modified_gmt":"2021-07-08T16:44:31","slug":"partii-tahistamine","status":"publish","type":"page","link":"https:\/\/toiduteave.ee\/margistamine\/partii-tahistamine\/","title":{"rendered":"Partii t\u00e4histamine"},"content":{"rendered":"<p><span class='tooltipsall tooltip_post_id_1304 classtoolTips50'><\/span><span class='tooltipsall tooltip_post_id_1288 classtoolTips36'><\/span><span class='tooltipsall tooltip_post_id_1287 classtoolTips35'><\/span><span class='tooltipsall tooltip_post_id_1303 classtoolTips29'><\/span><span class='tooltipsall tooltip_post_id_1291 classtoolTips12'><\/span><span class='tooltipsall tooltip_post_id_1284 classtoolTips10'><\/span><span class='tooltipsall tooltip_post_id_1293 classtoolTips8'><\/span>[et_pb_section fb_built=&#8221;1&#8243; _builder_version=&#8221;4.4.7&#8243; custom_padding=&#8221;30px|||||&#8221; da_disable_devices=&#8221;off|off|off&#8221; da_is_popup=&#8221;off&#8221; da_exit_intent=&#8221;off&#8221; da_has_close=&#8221;on&#8221; da_alt_close=&#8221;off&#8221; da_dark_close=&#8221;off&#8221; da_not_modal=&#8221;on&#8221; da_is_singular=&#8221;off&#8221; da_with_loader=&#8221;off&#8221; da_has_shadow=&#8221;on&#8221;][et_pb_row column_structure=&#8221;3_4,1_4&#8243; _builder_version=&#8221;4.9.7&#8243; max_width=&#8221;80%&#8221; locked=&#8221;off&#8221; custom_css_main_element_last_edited=&#8221;on|phone&#8221; custom_css_main_element_phone=&#8221;display: flex;||flex-wrap: wrap;&#8221;][et_pb_column type=&#8221;3_4&#8243; _builder_version=&#8221;4.9.7&#8243; custom_css_main_element=&#8221;order: 2;&#8221; custom_css_before_last_edited=&#8221;on|phone&#8221;][et_pb_text _builder_version=&#8221;4.9.3&#8243; _module_preset=&#8221;default&#8221; text_line_height=&#8221;1.4em&#8221; header_font=&#8221;|600|||||||&#8221; header_text_align=&#8221;center&#8221; header_text_color=&#8221;#009b96&#8243; header_line_height=&#8221;1.7em&#8221; header_3_font=&#8221;|600|||||||&#8221; text_orientation=&#8221;justified&#8221; custom_margin=&#8221;||8px|||&#8221; locked=&#8221;off&#8221;]<\/p>\n<h1><span lang=\"ET\">Partii t\u00e4histamine ja ID-t\u00e4his<o:p><\/o:p><\/span><\/h1>\n<p>[\/et_pb_text][et_pb_text module_id=&#8221;sissejuhatus&#8221; _builder_version=&#8221;4.9.3&#8243; header_2_font=&#8221;|600|||||||&#8221; header_2_text_color=&#8221;#009b96&#8243; header_2_font_size=&#8221;20px&#8221; header_3_font=&#8221;|600|||||||&#8221; header_3_line_height=&#8221;1.3em&#8221; custom_padding=&#8221;||0px|||&#8221; locked=&#8221;off&#8221;]<\/p>\n<div id=\"ez-toc-container\" class=\"ez-toc-v2_0_34 counter-hierarchy ez-toc-counter ez-toc-container-direction\">\n<div class=\"ez-toc-title-container\">\n<p class=\"ez-toc-title\">SISUKORD<\/p>\n<span class=\"ez-toc-title-toggle\"><a href=\"#\" class=\"ez-toc-pull-right ez-toc-btn ez-toc-btn-xs ez-toc-btn-default ez-toc-toggle\" style=\"display: none;\"><label for=\"item\" aria-label=\"Table of Content\"><i class=\"ez-toc-glyphicon ez-toc-icon-toggle\"><\/i><\/label><input type=\"checkbox\" id=\"item\"><\/a><\/span><\/div>\n<nav><ul class='ez-toc-list ez-toc-list-level-1'><li class='ez-toc-page-1 ez-toc-heading-level-2'><a class=\"ez-toc-link ez-toc-heading-1\" href=\"https:\/\/toiduteave.ee\/margistamine\/partii-tahistamine\/#Sissejuhatus\" title=\"Sissejuhatus\">Sissejuhatus<\/a><\/li><li class='ez-toc-page-1 ez-toc-heading-level-2'><a class=\"ez-toc-link ez-toc-heading-2\" href=\"https:\/\/toiduteave.ee\/margistamine\/partii-tahistamine\/#Toidupartii_tahistamise_nouded\" title=\"Toidupartii t\u00e4histamise n\u00f5uded\">Toidupartii t\u00e4histamise n\u00f5uded<\/a><\/li><li class='ez-toc-page-1 ez-toc-heading-level-2'><a class=\"ez-toc-link ez-toc-heading-3\" href=\"https:\/\/toiduteave.ee\/margistamine\/partii-tahistamine\/#Toidupartii_tahistust_ei_pea_esitama\" title=\"Toidupartii t\u00e4histust ei pea esitama\">Toidupartii t\u00e4histust ei pea esitama<\/a><\/li><li class='ez-toc-page-1 ez-toc-heading-level-2'><a class=\"ez-toc-link ez-toc-heading-4\" href=\"https:\/\/toiduteave.ee\/margistamine\/partii-tahistamine\/#ID-tahis\" title=\"ID-t\u00e4his\">ID-t\u00e4his<\/a><\/li><li class='ez-toc-page-1 ez-toc-heading-level-2'><a class=\"ez-toc-link ez-toc-heading-5\" href=\"https:\/\/toiduteave.ee\/margistamine\/partii-tahistamine\/#Tervisemark\" title=\"Tervisem\u00e4rk\">Tervisem\u00e4rk<\/a><\/li><\/ul><\/nav><\/div>\n<h2><span class=\"ez-toc-section\" id=\"Sissejuhatus\"><\/span>Sissejuhatus<span class=\"ez-toc-section-end\"><\/span><\/h2>\n<p>[\/et_pb_text][et_pb_text _builder_version=&#8221;4.9.3&#8243; text_line_height=&#8221;1.4em&#8221; link_font=&#8221;||||on||||&#8221; link_text_color=&#8221;#2ea3f2&#8243; header_font=&#8221;|600|||||||&#8221; header_text_align=&#8221;center&#8221; header_text_color=&#8221;#0c71c3&#8243; header_line_height=&#8221;1.7em&#8221; header_3_font=&#8221;|600|||||||&#8221; text_orientation=&#8221;justified&#8221; custom_margin=&#8221;-18px|||||&#8221; locked=&#8221;off&#8221;]<\/p>\n<p><span>Toidupartii t\u00e4histamise ja loomsel toidul esitatava identifitseerimism\u00e4rgi (ID-t\u00e4hise) eesm\u00e4rk on tagada toidu j\u00e4lgitavus ning aidata toiduk\u00e4itlejatel tuvastada, kust toode p\u00e4rineb ja millal see on valmistatud. Erinevalt muust m\u00e4rgistusel esitatavast teabest ei ole nende t\u00e4histe eesm\u00e4rk anda teavet tarbijale.<\/span><\/p>\n<p>[\/et_pb_text][et_pb_text module_id=&#8221;toidupartii&#8221; _builder_version=&#8221;4.9.3&#8243; header_2_font=&#8221;|600|||||||&#8221; header_2_text_color=&#8221;#009b96&#8243; header_2_font_size=&#8221;20px&#8221; header_3_font=&#8221;|600|||||||&#8221; header_3_line_height=&#8221;1.3em&#8221; custom_padding=&#8221;||0px|||&#8221; locked=&#8221;off&#8221;]<\/p>\n<h2><span class=\"ez-toc-section\" id=\"Toidupartii_tahistamise_nouded\"><\/span><span lang=\"ET\">Toidupartii t\u00e4histamise n\u00f5uded<o:p><\/o:p><\/span><span class=\"ez-toc-section-end\"><\/span><\/h2>\n<p>[\/et_pb_text][et_pb_text _builder_version=&#8221;4.9.7&#8243; link_font=&#8221;||||on||||&#8221; link_text_color=&#8221;#2ea3f2&#8243; custom_margin=&#8221;-15px||||false|false&#8221; custom_padding=&#8221;10px|10px|10px|10px|true|true&#8221; border_radii=&#8221;on|3px|3px|3px|3px&#8221; border_width_all=&#8221;3px&#8221; border_color_all=&#8221;#e02b20&#8243; locked=&#8221;off&#8221;]<\/p>\n<p>Toidupartii (ingl <em>lot<\/em>) on toote kindlaksm\u00e4\u00e4ratud kogus, mis on sama nimetuse ja \u00fchesuguste omadustega ning \u00fchesugustel tingimustel toodetud, valmistatud v\u00f5i pakendatud. Toidupartii t\u00e4histus v\u00f5imaldab m\u00e4\u00e4rata, millisest partiist toit p\u00e4rineb.<\/p>\n<p>[\/et_pb_text][et_pb_text _builder_version=&#8221;4.9.7&#8243; text_line_height=&#8221;1.4em&#8221; link_font=&#8221;||||on||||&#8221; link_text_color=&#8221;#2ea3f2&#8243; header_font=&#8221;|600|||||||&#8221; header_text_align=&#8221;center&#8221; header_text_color=&#8221;#0c71c3&#8243; header_line_height=&#8221;1.7em&#8221; header_3_font=&#8221;|600|||||||&#8221; text_orientation=&#8221;justified&#8221; locked=&#8221;off&#8221;]<\/p>\n<p><span>Toidupartii t\u00e4histamise n\u00f5uded on kehtestatud <a href=\"https:\/\/www.riigiteataja.ee\/akt\/103122014009\" target=\"_blank\" rel=\"noopener\">p\u00f5llumajandusministri m\u00e4\u00e4rusega nr 109 <\/a><\/span><span>\u201eToidupartii t\u00e4histamise n\u00f5uded\u201c (vastu v\u00f5etud 28.11.2014).<\/span><\/p>\n<p>Toidupartii m\u00e4\u00e4rab ja t\u00e4histab pakendil tootja, t\u00f6\u00f6tleja, valmistaja, pakendaja v\u00f5i Euroopa Liidu liikmesriigis asutatud m\u00fc\u00fcja, kes seda toitu esimesena m\u00fc\u00fcb.<\/p>\n<p><span>Toidupartii m\u00e4\u00e4ramine on vajalik eelk\u00f5ige j\u00e4lgitavuse tagamiseks, sest see v\u00f5imaldab v\u00e4hendada turult k\u00f5rvaldatava\/tagasikutsutava toidu kogust. Kui ohtlik toit on kindlaksm\u00e4\u00e4ratud partii v\u00f5i kaubasaadetise osa, siis eeldatakse, et kogu selle partii v\u00f5i kaubasaadetise toit on samuti ohtlik.<\/span><\/p>\n<p>[\/et_pb_text][\/et_pb_column][et_pb_column type=&#8221;1_4&#8243; _builder_version=&#8221;4.9.7&#8243; custom_css_main_element=&#8221;order: 1;&#8221; custom_css_before_last_edited=&#8221;on|phone&#8221;][et_pb_text disabled_on=&#8221;on|on|off&#8221; module_id=&#8221;kiirlingid&#8221; _builder_version=&#8221;4.9.7&#8243; text_font=&#8221;|600|||||||&#8221; text_text_color=&#8221;#000000&#8243; text_font_size=&#8221;16px&#8221; link_text_color=&#8221;#000000&#8243; header_font=&#8221;|800|||||||&#8221; header_text_align=&#8221;center&#8221; header_text_color=&#8221;#009b96&#8243; header_font_size=&#8221;20px&#8221; header_line_height=&#8221;2em&#8221; background_color=&#8221;rgba(0,0,0,0.01)&#8221; text_orientation=&#8221;center&#8221; width=&#8221;75%&#8221; module_alignment=&#8221;center&#8221; custom_padding=&#8221;20px|10px|20px|10px|true|true&#8221; border_radii=&#8221;on|20px|20px|20px|20px&#8221; box_shadow_style=&#8221;preset3&#8243; box_shadow_color=&#8221;rgba(0,0,0,0.2)&#8221; global_module=&#8221;685&#8243; saved_tabs=&#8221;all&#8221; locked=&#8221;off&#8221;]<\/p>\n<h1><strong>KIIRLINGID<\/strong><\/h1>\n<p><a href=\"https:\/\/toiduteave.ee\/margistamine\/moisted\/\">M\u00f5isted<\/a><\/p>\n<p><a href=\"https:\/\/toiduteave.ee\/margistamine\/oigusaktid\/\">\u00d5igusaktid<\/a><\/p>\n<p><a href=\"https:\/\/toiduteave.ee\/margistamine\/juhendid\/\">Juhendid<\/a><\/p>\n<p><a href=\"https:\/\/toiduteave.ee\/margistamine\/kasutatud-kirjandus\">Kasutatud kirjandus<\/a><\/p>\n<p>[\/et_pb_text][et_pb_blurb title=&#8221;Lae alla PDF-ina&#8221; image=&#8221;https:\/\/toiduteave.ee\/margistamine\/wp-content\/uploads\/2020\/05\/pdf-logo.png&#8221; image_max_width=&#8221;25%&#8221; _builder_version=&#8221;4.9.7&#8243; _module_preset=&#8221;default&#8221; header_font=&#8221;Open Sans||||||||&#8221; header_text_align=&#8221;center&#8221; header_font_size=&#8221;15px&#8221; animation=&#8221;off&#8221; link_option_url=&#8221;?print-posts=pdf&#8221; link_option_url_new_window=&#8221;on&#8221;][\/et_pb_blurb][\/et_pb_column][\/et_pb_row][et_pb_row _builder_version=&#8221;4.9.3&#8243; _module_preset=&#8221;default&#8221; max_width=&#8221;80%&#8221;][et_pb_column type=&#8221;4_4&#8243; _builder_version=&#8221;4.9.3&#8243; _module_preset=&#8221;default&#8221;][et_pb_text _builder_version=&#8221;4.9.3&#8243; _module_preset=&#8221;default&#8221;]<\/p>\n<p>Toidupartii t\u00e4histus peab olema tr\u00fckitud <span class='tooltipsall tooltip_post_id_1286 classtoolTips7'>toidu m\u00fc\u00fcgipakendile<\/span> kulumiskindlalt, h\u00e4sti n\u00e4htavalt ja selgelt loetavalt. Toidupartii t\u00e4histusele eelneb L-t\u00e4ht, v\u00e4lja arvatud muust teabest selgelt eristatava t\u00e4histuse puhul.<\/p>\n<p>M\u00fc\u00fcgipakendisse pakendamata toidu korral kantakse toidupartii t\u00e4histus selgelt loetavalt, h\u00e4sti n\u00e4htavalt ja kulumiskindlalt muule pakendile v\u00f5i mahutile (nt hulgipakendile, kaubaalusele). Kui toidupartii t\u00e4histust ei ole v\u00f5imalik pakendile v\u00f5i mahutile kanda, siis m\u00e4rgitakse t\u00e4histus kauba saatedokumentides.<\/p>\n<p>[\/et_pb_text][\/et_pb_column][\/et_pb_row][et_pb_row _builder_version=&#8221;4.9.3&#8243; _module_preset=&#8221;default&#8221; max_width=&#8221;80%&#8221;][et_pb_column type=&#8221;4_4&#8243; _builder_version=&#8221;4.9.3&#8243; _module_preset=&#8221;default&#8221;][et_pb_text module_id=&#8221;toidupartiitahistust&#8221; _builder_version=&#8221;4.9.3&#8243; header_2_font=&#8221;|600|||||||&#8221; header_2_text_color=&#8221;#009b96&#8243; header_2_font_size=&#8221;20px&#8221; header_3_font=&#8221;|600|||||||&#8221; header_3_line_height=&#8221;1.3em&#8221; custom_padding=&#8221;||0px|||&#8221; locked=&#8221;off&#8221;]<\/p>\n<h2><span class=\"ez-toc-section\" id=\"Toidupartii_tahistust_ei_pea_esitama\"><\/span>Toidupartii t\u00e4histust ei pea esitama<span class=\"ez-toc-section-end\"><\/span><\/h2>\n<p>[\/et_pb_text][et_pb_text _builder_version=&#8221;4.9.3&#8243; text_line_height=&#8221;1.4em&#8221; link_font=&#8221;||||on||||&#8221; link_text_color=&#8221;#2ea3f2&#8243; header_font=&#8221;|600|||||||&#8221; header_font_size=&#8221;24px&#8221; header_line_height=&#8221;1.3em&#8221; header_3_font=&#8221;|600|||||||&#8221; text_orientation=&#8221;justified&#8221; custom_margin=&#8221;-29px||-25px|||&#8221; custom_padding=&#8221;||0px|||&#8221;]<\/p>\n<p>Toidupartii t\u00e4histust ei pea esitama:<\/p>\n<ul>\n<li><span>kui toidu s\u00e4ilimisaja \u201eparim enne\u201c v\u00f5i \u201ek\u00f5lblik kuni\u201c t\u00e4histus sisaldab kodeerimata kronoloogilises j\u00e4rjestuses v\u00e4hemalt kuup\u00e4eva ja kuud (nt \u201eParim enne 25.09\u201c);<\/span><span><\/span><\/li>\n<li><span>kui toidu pakendi v\u00f5i mahuti suurima k\u00fclje pindala on alla 10 cm<sup>2<\/sup>;<\/span><\/li>\n<li><span>kui toit on tarbijale m\u00fc\u00fcmisel m\u00fc\u00fcgipakendisse pakendamata v\u00f5i kui toit pakendatakse m\u00fc\u00fcgikohas tarbija soovil v\u00f5i vahetult m\u00fc\u00fcgiks tarbija juuresolekuta;<\/span><\/li>\n<li><span>\u00fcksikportsjonites j\u00e4\u00e4tise puhul, mille toidupartii t\u00e4histus kantakse r\u00fchmapakendile;<\/span><\/li>\n<li><span>p\u00f5llumajandussaaduste puhul, mis otse ettev\u00f5ttest:<\/span>\n<ul>\n<li><span>m\u00fc\u00fcakse v\u00f5i antakse muul viisil \u00fcle ajutiseks ladustamiseks, t\u00f6\u00f6tlemiseks v\u00f5i pakendamiseks;<\/span><\/li>\n<li><span>veetakse p\u00f5llumajandustootjate organisatsioonile;<\/span><\/li>\n<li><span>kogutakse viivitamatuks t\u00f6\u00f6tlemiseks.<\/span><\/li>\n<\/ul>\n<\/li>\n<\/ul>\n<p>[\/et_pb_text][\/et_pb_column][\/et_pb_row][et_pb_row _builder_version=&#8221;4.9.3&#8243; _module_preset=&#8221;default&#8221; max_width=&#8221;80%&#8221;][et_pb_column type=&#8221;4_4&#8243; _builder_version=&#8221;4.9.3&#8243; _module_preset=&#8221;default&#8221;][et_pb_text module_id=&#8221;idtahis&#8221; _builder_version=&#8221;4.9.3&#8243; header_2_font=&#8221;|600|||||||&#8221; header_2_text_color=&#8221;#009b96&#8243; header_2_font_size=&#8221;20px&#8221; header_3_font=&#8221;|600|||||||&#8221; header_3_line_height=&#8221;1.3em&#8221; custom_margin=&#8221;-21px||25px|||&#8221; custom_padding=&#8221;||0px|||&#8221;]<\/p>\n<h2 style=\"tab-stops: 345.0pt;\"><span class=\"ez-toc-section\" id=\"ID-tahis\"><\/span><span lang=\"ET\">ID-t\u00e4his<o:p><\/o:p><\/span><span class=\"ez-toc-section-end\"><\/span><\/h2>\n<p>[\/et_pb_text][et_pb_text module_id=&#8221;nimetusteliigid&#8221; _builder_version=&#8221;4.9.3&#8243; header_2_font=&#8221;|600|||||||&#8221; header_2_text_color=&#8221;#009b96&#8243; header_2_font_size=&#8221;20px&#8221; header_3_font=&#8221;|600|||||||&#8221; header_3_line_height=&#8221;1.3em&#8221; custom_margin=&#8221;-21px|||||&#8221; custom_padding=&#8221;||0px|||&#8221;]<\/p>\n<p>Loomse toidu puhul on kohustuslik kanda pakendile ka <strong>identifitseerimism\u00e4rk.<\/strong> Identifitseerimism\u00e4rk peab olema selgelt loetav, see tuleb tr\u00fckkida kergesti eristatavate t\u00e4htedega ja kulumiskindlalt pakendi h\u00e4sti n\u00e4htavale kohale.<\/p>\n<p>M\u00e4rk moodustub ovaalist, mille sees on j\u00e4rgnevad andmed:<\/p>\n<ul>\n<li><span>ettev\u00f5tte asukohariigi nimi v\u00f5i l\u00fchend standardi ISO 3166 kohaselt.<\/span><\/li>\n<\/ul>\n<p><span>Vastavalt loomset p\u00e4ritolu toidu h\u00fcgieeni <a href=\"https:\/\/eur-lex.europa.eu\/legal-content\/ET\/TXT\/?uri=CELEX:32004R0853%20\" target=\"_blank\" rel=\"noopener\">m\u00e4\u00e4ruse (E\u00dc) nr 853\/2004<\/a> II lisa I jao B osale kasutatakse liikmesriikide puhul siiski l\u00fchendeid BE, BG, CZ, DK, DE, EE, GR, ES, FR, HR, IE, IT, CY, LV, LT, LU, HU, MT, NL, AT, PL, PT, SI, SK, FI, RO, SE ja UK(NI);<\/span><\/p>\n<ul>\n<li><span>ettev\u00f5tte tunnusnumber;<\/span><\/li>\n<li><span>l\u00fchend CE, EC, EF, EG, EK, EO, EY, ES, E\u00dc, EK, EB, EZ v\u00f5i WE, kui m\u00e4rki kasutab Euroopa Liidus asuv ettev\u00f5te. Kui tooted on ELi imporditud, siis neid l\u00fchendeid ei kasutata.<\/span><\/li>\n<\/ul>\n<p><span>Munade pakendile identifitseerimism\u00e4rki ei kanta, kui pakendid m\u00e4rgistatakse pakenduskeskuse numbriga.<\/span><\/p>\n<p><strong>N\u00c4IDE<\/strong><\/p>\n<p>[\/et_pb_text][et_pb_text _builder_version=&#8221;4.9.3&#8243; text_line_height=&#8221;1.4em&#8221; link_font=&#8221;||||on||||&#8221; link_text_color=&#8221;#2ea3f2&#8243; header_font=&#8221;|600|||||||&#8221; header_font_size=&#8221;24px&#8221; header_line_height=&#8221;1.3em&#8221; header_3_font=&#8221;|600|||||||&#8221; text_orientation=&#8221;justified&#8221; width=&#8221;17%&#8221; custom_margin=&#8221;-15px||27px||false|false&#8221; custom_padding=&#8221;10px|10px|10px|10px|true|true&#8221; border_width_all=&#8221;3px&#8221; border_color_all=&#8221;#7cda24&#8243; locked=&#8221;off&#8221;]<\/p>\n<p><b>IDENTIFITSEERIMISM\u00c4RK<\/b><\/p>\n<p><b><img loading=\"lazy\" decoding=\"async\" src=\"https:\/\/toiduteave.ee\/margistamine\/wp-content\/uploads\/2021\/06\/Pilt1.jpg\" width=\"150\" height=\"101\" alt=\"\" class=\"wp-image-1422 alignnone size-full\" \/><\/b><\/p>\n<p>[\/et_pb_text][\/et_pb_column][\/et_pb_row][et_pb_row _builder_version=&#8221;4.9.3&#8243; _module_preset=&#8221;default&#8221; max_width=&#8221;80%&#8221;][et_pb_column type=&#8221;4_4&#8243; _builder_version=&#8221;4.9.3&#8243; _module_preset=&#8221;default&#8221;][et_pb_text module_id=&#8221;tervisemark&#8221; _builder_version=&#8221;4.9.3&#8243; header_2_font=&#8221;|600|||||||&#8221; header_2_text_color=&#8221;#009b96&#8243; header_2_font_size=&#8221;20px&#8221; header_3_font=&#8221;|600|||||||&#8221; header_3_line_height=&#8221;1.3em&#8221; custom_padding=&#8221;||0px|||&#8221; locked=&#8221;off&#8221;]<\/p>\n<h2><span class=\"ez-toc-section\" id=\"Tervisemark\"><\/span>Tervisem\u00e4rk<span class=\"ez-toc-section-end\"><\/span><\/h2>\n<p>[\/et_pb_text][\/et_pb_column][\/et_pb_row][et_pb_row _builder_version=&#8221;4.5.3&#8243; _module_preset=&#8221;default&#8221; max_width=&#8221;80%&#8221;][et_pb_column type=&#8221;4_4&#8243; _builder_version=&#8221;4.5.3&#8243; _module_preset=&#8221;default&#8221;][et_pb_text _builder_version=&#8221;4.9.3&#8243; text_line_height=&#8221;1.4em&#8221; link_font=&#8221;||||on||||&#8221; link_text_color=&#8221;#2ea3f2&#8243; header_font=&#8221;|600|||||||&#8221; header_font_size=&#8221;24px&#8221; header_line_height=&#8221;1.3em&#8221; header_3_font=&#8221;|600|||||||&#8221; text_orientation=&#8221;justified&#8221; custom_margin=&#8221;-22px|||||&#8221;]<\/p>\n<p><span>V\u00e4rske liha puhul kantakse r\u00fcmbale <strong>tervisem\u00e4rk<\/strong>.<\/span><\/p>\n<p><span>Ovaalne tervisem\u00e4rk on v\u00e4hemalt 6,5\u00a0cm lai ja 4,5\u00a0cm k\u00f5rge. M\u00e4rgil kasutatud t\u00e4hed peavad olema v\u00e4hemalt 0,8\u00a0cm k\u00f5rgused, numbrid v\u00e4hemalt 1\u00a0cm k\u00f5rgused. Lamba- ja kitsetallede ning p\u00f5rsaste korral v\u00f5ib m\u00e4rk olla ka v\u00e4iksem.<\/span><\/p>\n<p><span>Kuna tervisem\u00e4rk kantakse otse r\u00fcmbale, tohib kasutada vaid toiduv\u00e4rve, mis on lubatud Euroopa Parlamendi ja n\u00f5ukogu <a href=\"https:\/\/eur-lex.europa.eu\/legal-content\/ET\/TXT\/?uri=CELEX:32008R1333\" target=\"_blank\" rel=\"noopener\">m\u00e4\u00e4rusega (E\u00dc) nr 1333\/2008 <\/a><\/span><span>toidu <span class='tooltipsall tooltip_post_id_1311 classtoolTips46'>lisaainete<\/span> kohta.<\/span><\/p>\n<p>[\/et_pb_text][\/et_pb_column][\/et_pb_row][\/et_pb_section]<\/p>\n","protected":false},"excerpt":{"rendered":"<p>Toidupartii t\u00e4histamise ja loomsel toidul esitatava identifitseerimism\u00e4rgi (ID-t\u00e4hise) eesm\u00e4rk on tagada toidu j\u00e4lgitavus ning aidata toiduk\u00e4itlejatel tuvastada, kust toode p\u00e4rineb ja millal see on valmistatud. Erinevalt muust m\u00e4rgistusel esitatavast teabest ei ole nende t\u00e4histe eesm\u00e4rk anda teavet tarbijale.<\/p>\n","protected":false},"author":3,"featured_media":0,"parent":0,"menu_order":0,"comment_status":"closed","ping_status":"closed","template":"","meta":{"_et_pb_use_builder":"on","_et_pb_old_content":"","_et_gb_content_width":"","_lmt_disableupdate":"no","_lmt_disable":"no","footnotes":""},"class_list":["post-827","page","type-page","status-publish","hentry"],"yoast_head":"<!-- This site is optimized with the Yoast SEO plugin v19.8 - https:\/\/yoast.com\/wordpress\/plugins\/seo\/ -->\n<title>Partii t\u00e4histamine - Toiduteave.ee<\/title>\n<meta name=\"robots\" content=\"index, follow, max-snippet:-1, max-image-preview:large, max-video-preview:-1\" \/>\n<link rel=\"canonical\" href=\"https:\/\/toiduteave.ee\/margistamine\/partii-tahistamine\/\" \/>\n<meta property=\"og:locale\" content=\"et_EE\" \/>\n<meta property=\"og:type\" content=\"article\" \/>\n<meta property=\"og:title\" content=\"Partii t\u00e4histamine - Toiduteave.ee\" \/>\n<meta property=\"og:description\" content=\"Toidupartii t\u00e4histamise ja loomsel toidul esitatava identifitseerimism\u00e4rgi (ID-t\u00e4hise) eesm\u00e4rk on tagada toidu j\u00e4lgitavus ning aidata toiduk\u00e4itlejatel tuvastada, kust toode p\u00e4rineb ja millal see on valmistatud. Erinevalt muust m\u00e4rgistusel esitatavast teabest ei ole nende t\u00e4histe eesm\u00e4rk anda teavet tarbijale.\" \/>\n<meta property=\"og:url\" content=\"https:\/\/toiduteave.ee\/margistamine\/partii-tahistamine\/\" \/>\n<meta property=\"og:site_name\" content=\"Toiduteave.ee\" \/>\n<meta property=\"article:modified_time\" content=\"2021-07-08T16:44:31+00:00\" \/>\n<meta property=\"og:image\" content=\"https:\/\/toiduteave.ee\/margistamine\/wp-content\/uploads\/2021\/06\/Pilt1.jpg\" \/>\n<meta name=\"twitter:card\" content=\"summary_large_image\" \/>\n<meta name=\"twitter:label1\" content=\"Est. reading time\" \/>\n\t<meta name=\"twitter:data1\" content=\"8 minutit\" \/>\n<script type=\"application\/ld+json\" class=\"yoast-schema-graph\">{\"@context\":\"https:\/\/schema.org\",\"@graph\":[{\"@type\":\"WebPage\",\"@id\":\"https:\/\/toiduteave.ee\/margistamine\/partii-tahistamine\/\",\"url\":\"https:\/\/toiduteave.ee\/margistamine\/partii-tahistamine\/\",\"name\":\"Partii t\u00e4histamine - Toiduteave.ee\",\"isPartOf\":{\"@id\":\"https:\/\/toiduteave.ee\/margistamine\/#website\"},\"datePublished\":\"2020-08-14T09:10:40+00:00\",\"dateModified\":\"2021-07-08T16:44:31+00:00\",\"breadcrumb\":{\"@id\":\"https:\/\/toiduteave.ee\/margistamine\/partii-tahistamine\/#breadcrumb\"},\"inLanguage\":\"et\",\"potentialAction\":[{\"@type\":\"ReadAction\",\"target\":[\"https:\/\/toiduteave.ee\/margistamine\/partii-tahistamine\/\"]}]},{\"@type\":\"BreadcrumbList\",\"@id\":\"https:\/\/toiduteave.ee\/margistamine\/partii-tahistamine\/#breadcrumb\",\"itemListElement\":[{\"@type\":\"ListItem\",\"position\":1,\"name\":\"Home\",\"item\":\"https:\/\/toiduteave.ee\/margistamine\/\"},{\"@type\":\"ListItem\",\"position\":2,\"name\":\"Partii t\u00e4histamine\"}]},{\"@type\":\"WebSite\",\"@id\":\"https:\/\/toiduteave.ee\/margistamine\/#website\",\"url\":\"https:\/\/toiduteave.ee\/margistamine\/\",\"name\":\"Toiduteave.ee\",\"description\":\"Toidu m&auml;rgistamise e-k&auml;siraamat\",\"potentialAction\":[{\"@type\":\"SearchAction\",\"target\":{\"@type\":\"EntryPoint\",\"urlTemplate\":\"https:\/\/toiduteave.ee\/margistamine\/?s={search_term_string}\"},\"query-input\":\"required name=search_term_string\"}],\"inLanguage\":\"et\"}]}<\/script>\n<!-- \/ Yoast SEO plugin. -->","yoast_head_json":{"title":"Partii t\u00e4histamine - Toiduteave.ee","robots":{"index":"index","follow":"follow","max-snippet":"max-snippet:-1","max-image-preview":"max-image-preview:large","max-video-preview":"max-video-preview:-1"},"canonical":"https:\/\/toiduteave.ee\/margistamine\/partii-tahistamine\/","og_locale":"et_EE","og_type":"article","og_title":"Partii t\u00e4histamine - Toiduteave.ee","og_description":"Toidupartii t\u00e4histamise ja loomsel toidul esitatava identifitseerimism\u00e4rgi (ID-t\u00e4hise) eesm\u00e4rk on tagada toidu j\u00e4lgitavus ning aidata toiduk\u00e4itlejatel tuvastada, kust toode p\u00e4rineb ja millal see on valmistatud. Erinevalt muust m\u00e4rgistusel esitatavast teabest ei ole nende t\u00e4histe eesm\u00e4rk anda teavet tarbijale.","og_url":"https:\/\/toiduteave.ee\/margistamine\/partii-tahistamine\/","og_site_name":"Toiduteave.ee","article_modified_time":"2021-07-08T16:44:31+00:00","og_image":[{"url":"https:\/\/toiduteave.ee\/margistamine\/wp-content\/uploads\/2021\/06\/Pilt1.jpg"}],"twitter_card":"summary_large_image","twitter_misc":{"Est. reading time":"8 minutit"},"schema":{"@context":"https:\/\/schema.org","@graph":[{"@type":"WebPage","@id":"https:\/\/toiduteave.ee\/margistamine\/partii-tahistamine\/","url":"https:\/\/toiduteave.ee\/margistamine\/partii-tahistamine\/","name":"Partii t\u00e4histamine - Toiduteave.ee","isPartOf":{"@id":"https:\/\/toiduteave.ee\/margistamine\/#website"},"datePublished":"2020-08-14T09:10:40+00:00","dateModified":"2021-07-08T16:44:31+00:00","breadcrumb":{"@id":"https:\/\/toiduteave.ee\/margistamine\/partii-tahistamine\/#breadcrumb"},"inLanguage":"et","potentialAction":[{"@type":"ReadAction","target":["https:\/\/toiduteave.ee\/margistamine\/partii-tahistamine\/"]}]},{"@type":"BreadcrumbList","@id":"https:\/\/toiduteave.ee\/margistamine\/partii-tahistamine\/#breadcrumb","itemListElement":[{"@type":"ListItem","position":1,"name":"Home","item":"https:\/\/toiduteave.ee\/margistamine\/"},{"@type":"ListItem","position":2,"name":"Partii t\u00e4histamine"}]},{"@type":"WebSite","@id":"https:\/\/toiduteave.ee\/margistamine\/#website","url":"https:\/\/toiduteave.ee\/margistamine\/","name":"Toiduteave.ee","description":"Toidu m&auml;rgistamise e-k&auml;siraamat","potentialAction":[{"@type":"SearchAction","target":{"@type":"EntryPoint","urlTemplate":"https:\/\/toiduteave.ee\/margistamine\/?s={search_term_string}"},"query-input":"required name=search_term_string"}],"inLanguage":"et"}]}},"_links":{"self":[{"href":"https:\/\/toiduteave.ee\/margistamine\/wp-json\/wp\/v2\/pages\/827","targetHints":{"allow":["GET"]}}],"collection":[{"href":"https:\/\/toiduteave.ee\/margistamine\/wp-json\/wp\/v2\/pages"}],"about":[{"href":"https:\/\/toiduteave.ee\/margistamine\/wp-json\/wp\/v2\/types\/page"}],"author":[{"embeddable":true,"href":"https:\/\/toiduteave.ee\/margistamine\/wp-json\/wp\/v2\/users\/3"}],"replies":[{"embeddable":true,"href":"https:\/\/toiduteave.ee\/margistamine\/wp-json\/wp\/v2\/comments?post=827"}],"version-history":[{"count":13,"href":"https:\/\/toiduteave.ee\/margistamine\/wp-json\/wp\/v2\/pages\/827\/revisions"}],"predecessor-version":[{"id":1973,"href":"https:\/\/toiduteave.ee\/margistamine\/wp-json\/wp\/v2\/pages\/827\/revisions\/1973"}],"wp:attachment":[{"href":"https:\/\/toiduteave.ee\/margistamine\/wp-json\/wp\/v2\/media?parent=827"}],"curies":[{"name":"wp","href":"https:\/\/api.w.org\/{rel}","templated":true}]}}