{"id":957,"date":"2020-12-09T14:15:56","date_gmt":"2020-12-09T14:15:56","guid":{"rendered":"https:\/\/toiduteave.ee\/margistamine\/?page_id=957"},"modified":"2021-07-13T07:50:20","modified_gmt":"2021-07-13T07:50:20","slug":"kasutatud-kirjandus","status":"publish","type":"page","link":"https:\/\/toiduteave.ee\/margistamine\/kasutatud-kirjandus\/","title":{"rendered":"Kasutatud kirjandus"},"content":{"rendered":"<p>[et_pb_section fb_built=&#8221;1&#8243; _builder_version=&#8221;4.9.7&#8243; _module_preset=&#8221;default&#8221; da_disable_devices=&#8221;off|off|off&#8221; da_is_popup=&#8221;off&#8221; da_exit_intent=&#8221;off&#8221; da_has_close=&#8221;on&#8221; da_alt_close=&#8221;off&#8221; da_dark_close=&#8221;off&#8221; da_not_modal=&#8221;on&#8221; da_is_singular=&#8221;off&#8221; da_with_loader=&#8221;off&#8221; da_has_shadow=&#8221;on&#8221;][et_pb_row _builder_version=&#8221;4.9.7&#8243; _module_preset=&#8221;default&#8221; width=&#8221;83%&#8221; max_width=&#8221;1340px&#8221; custom_padding=&#8221;13px||13px||true|&#8221;][et_pb_column type=&#8221;4_4&#8243; _builder_version=&#8221;4.9.7&#8243; _module_preset=&#8221;default&#8221;][et_pb_text module_id=&#8221;kohustuslikudandmed&#8221; _builder_version=&#8221;4.9.7&#8243; _module_preset=&#8221;default&#8221; text_line_height=&#8221;1.4em&#8221; link_font=&#8221;||||on||||&#8221; link_text_color=&#8221;#2ea3f2&#8243; header_font=&#8221;|600|||||||&#8221; header_font_size=&#8221;24px&#8221; header_line_height=&#8221;1.3em&#8221; header_2_font=&#8221;|600|||||||&#8221; header_2_text_color=&#8221;#009b96&#8243; header_2_font_size=&#8221;20px&#8221; header_3_font=&#8221;|600|||||||&#8221; text_orientation=&#8221;justified&#8221; hover_enabled=&#8221;0&#8243; sticky_enabled=&#8221;0&#8243;]<\/p>\n<h2>Kasutatud kirjandus<\/h2>\n<p>[\/et_pb_text][et_pb_text module_id=&#8221;kohustuslikudandmed&#8221; _builder_version=&#8221;4.9.7&#8243; _module_preset=&#8221;default&#8221; text_line_height=&#8221;1.4em&#8221; link_font=&#8221;||||on||||&#8221; link_text_color=&#8221;#2ea3f2&#8243; header_font=&#8221;|600|||||||&#8221; header_font_size=&#8221;24px&#8221; header_line_height=&#8221;1.3em&#8221; header_2_font=&#8221;|600|||||||&#8221; header_2_text_color=&#8221;#009b96&#8243; header_2_font_size=&#8221;20px&#8221; header_3_font=&#8221;|600|||||||&#8221; text_orientation=&#8221;justified&#8221;]<\/p>\n<ol>\n<li>K\u00fcsimused ja vastused Euroopa Parlamendi ja n\u00f5ukogu m\u00e4\u00e4ruse (EL) nr 1169\/2011 (milles k\u00e4sitletakse toidualase teabe esitamist tarbijatele) kohaldamise kohta (2018\/C 196\/01)<\/li>\n<\/ol>\n<p><a href=\"https:\/\/eur-lex.europa.eu\/legal-content\/ET\/TXT\/?uri=CELEX:52018XC0608(01)\">https:\/\/eur-lex.europa.eu\/legal-content\/ET\/TXT\/?uri=CELEX:52018XC0608(01)<\/a><\/p>\n<ol start=\"2\">\n<li>Veterinaar- ja Toiduamet, Maaeluministeerium \u201eJuhend seoses eranditega toitumisalase teabe esitamise n\u00f5udest\u201c<\/li>\n<\/ol>\n<p><a href=\"https:\/\/www.agri.ee\/sites\/default\/files\/content\/valjaanded\/2016\/toiduohutus-margistamine-erandid-2016-05-30.pdf\">https:\/\/www.agri.ee\/sites\/default\/files\/content\/valjaanded\/2016\/toiduohutus-margistamine-erandid-2016-05-30.pdf<\/a><\/p>\n<ol start=\"3\">\n<li>Euroopa Komisjoni talituste koostatud t\u00f6\u00f6dokument \u201eK\u00fcsimused, mis on seotud kaugm\u00fc\u00fcgiga tarbijatele toidualase teabe esitamist k\u00e4sitleva m\u00e4\u00e4ruse (EL) nr 1169\/2011 kontekstis\u201c<\/li>\n<\/ol>\n<p><a href=\"https:\/\/www.agri.ee\/sites\/default\/files\/content\/valjaanded\/2016\/toiduohutus-margistamine-kaugmuuk-2016-05-27.pdf\">https:\/\/www.agri.ee\/sites\/default\/files\/content\/valjaanded\/2016\/toiduohutus-margistamine-kaugmuuk-2016-05-27.pdf<\/a><\/p>\n<ol start=\"4\">\n<li>Eesti Toiduainet\u00f6\u00f6stuse Liit, Eesti Leivaliit, Eesti Pagarite Selts, Maaeluministeerium, Veterinaar- ja Toiduamet ning Tervise Arengu Instituut \u201eHea tava toidualases teabes s\u00f5na \u201et\u00e4istera\u201c kasutamise kohta Eestis\u201c<\/li>\n<\/ol>\n<p><a href=\"https:\/\/toiduliit.ee\/taistera-hea-tava\">https:\/\/toiduliit.ee\/taistera-hea-tava<\/a><\/p>\n<ol start=\"5\">\n<li><span> <\/span>P\u00f5llumajandus- ja Toiduamet \u201eSiseriiklikud kokkulepped toidualase teabe teatud \u00fcksikasjade esitamise osas, mis kohalduvad vaid Eestis turustatavale toidule\u201c<\/li>\n<\/ol>\n<p><a href=\"https:\/\/pta.agri.ee\/ettevotjale-tootjale-ja-turustajale\/toidu-tootmine\/toidu-margistamine#juhendid-ja-kokkulep\">https:\/\/pta.agri.ee\/ettevotjale-tootjale-ja-turustajale\/toidu-tootmine\/toidu-margistamine#juhendid-ja-kokkulep<\/a><\/p>\n<ol start=\"7\">\n<li>Komisjoni teatis, 13. juuli 2017, seoses teabe esitamisega allergiat v\u00f5i talumatust tekitavate ainete v\u00f5i toodete kohta, mis on nimetatud Euroopa Parlamendi ja n\u00f5ukogu m\u00e4\u00e4ruse (EL) nr 1169\/2011 (milles k\u00e4sitletakse toidualase teabe esitamist tarbijatele) II lisas (C\/2017\/4864)<\/li>\n<\/ol>\n<p><a href=\"https:\/\/eur-lex.europa.eu\/legal-content\/ET\/TXT\/?uri=CELEX:52017XC1213(01)\">https:\/\/eur-lex.europa.eu\/legal-content\/ET\/TXT\/?uri=CELEX:52017XC1213(01)<\/a><\/p>\n<ol start=\"8\">\n<li>P\u00f5llumajandus- ja Toiduamet\/toidu m\u00e4rgistamine\/allergeenid<\/li>\n<\/ol>\n<p><a href=\"https:\/\/pta.agri.ee\/ettevotjale-tootjale-ja-turustajale\/toidu-tootmine\/toidu-margistamine#allergeenid\">https:\/\/pta.agri.ee\/ettevotjale-tootjale-ja-turustajale\/toidu-tootmine\/toidu-margistamine#allergeenid<\/a><\/p>\n<ol start=\"9\">\n<li>Katrin Laikoja, Eesti Maa\u00fclikool (2019). Allergeenide ohje toiduk\u00e4itlemisettev\u00f5ttes\n<p><a href=\"https:\/\/toiduteave.ee\/wp-content\/uploads\/2019\/08\/Allergeeniohje_veebi_2019.pdf\">https:\/\/toiduteave.ee\/wp-content\/uploads\/2019\/08\/Allergeeniohje_veebi_2019.pdf<\/a><\/p>\n<\/li>\n<li>P\u00f5llumajandusministeerium (2015). Kalap\u00fc\u00fcgi\u2013 ja vesiviljelustoodete m\u00e4rgistamise uutest n\u00f5uetest<\/li>\n<\/ol>\n<p><a href=\"https:\/\/www.agri.ee\/sites\/default\/files\/content\/valjaanded\/2015\/trykis-2015-kalatoodete-margistamine.pdf\">https:\/\/www.agri.ee\/sites\/default\/files\/content\/valjaanded\/2015\/trykis-2015-kalatoodete-margistamine.pdf<\/a><\/p>\n<ol start=\"11\">\n<li>Toidulisandite toidualane teave ja m\u00e4rgistus. Veterinaar- ja Toiduamet 2020 <a href=\"https:\/\/pta.agri.ee\/toidulisandid#juhendid-ja-kasuliku\">https:\/\/pta.agri.ee\/toidulisandid#juhendid-ja-kasuliku<\/a><\/li>\n<\/ol>\n<p>[\/et_pb_text][\/et_pb_column][\/et_pb_row][\/et_pb_section]<\/p>\n","protected":false},"excerpt":{"rendered":"<p>Kasutatud kirjandus K\u00fcsimused ja vastused Euroopa Parlamendi ja n\u00f5ukogu m\u00e4\u00e4ruse (EL) nr 1169\/2011 (milles k\u00e4sitletakse toidualase teabe esitamist tarbijatele) kohaldamise kohta (2018\/C 196\/01) https:\/\/eur-lex.europa.eu\/legal-content\/ET\/TXT\/?uri=CELEX:52018XC0608(01) Veterinaar- ja Toiduamet, Maaeluministeerium \u201eJuhend seoses eranditega toitumisalase teabe esitamise n\u00f5udest\u201c https:\/\/www.agri.ee\/sites\/default\/files\/content\/valjaanded\/2016\/toiduohutus-margistamine-erandid-2016-05-30.pdf Euroopa Komisjoni talituste koostatud t\u00f6\u00f6dokument \u201eK\u00fcsimused, mis on seotud kaugm\u00fc\u00fcgiga tarbijatele toidualase teabe esitamist k\u00e4sitleva m\u00e4\u00e4ruse (EL) nr 1169\/2011 [&hellip;]<\/p>\n","protected":false},"author":1,"featured_media":0,"parent":0,"menu_order":0,"comment_status":"closed","ping_status":"closed","template":"","meta":{"_et_pb_use_builder":"on","_et_pb_old_content":"","_et_gb_content_width":"","_lmt_disableupdate":"no","_lmt_disable":"no","footnotes":""},"class_list":["post-957","page","type-page","status-publish","hentry"],"yoast_head":"<!-- This site is optimized with the Yoast SEO plugin v19.8 - https:\/\/yoast.com\/wordpress\/plugins\/seo\/ -->\n<title>Kasutatud kirjandus - Toiduteave.ee<\/title>\n<meta name=\"robots\" content=\"index, follow, max-snippet:-1, max-image-preview:large, max-video-preview:-1\" \/>\n<link rel=\"canonical\" href=\"https:\/\/toiduteave.ee\/margistamine\/kasutatud-kirjandus\/\" \/>\n<meta property=\"og:locale\" content=\"et_EE\" \/>\n<meta property=\"og:type\" content=\"article\" \/>\n<meta property=\"og:title\" content=\"Kasutatud kirjandus - Toiduteave.ee\" \/>\n<meta property=\"og:description\" content=\"Kasutatud kirjandus K\u00fcsimused ja vastused Euroopa Parlamendi ja n\u00f5ukogu m\u00e4\u00e4ruse (EL) nr 1169\/2011 (milles k\u00e4sitletakse toidualase teabe esitamist tarbijatele) kohaldamise kohta (2018\/C 196\/01) https:\/\/eur-lex.europa.eu\/legal-content\/ET\/TXT\/?uri=CELEX:52018XC0608(01) Veterinaar- ja Toiduamet, Maaeluministeerium \u201eJuhend seoses eranditega toitumisalase teabe esitamise n\u00f5udest\u201c https:\/\/www.agri.ee\/sites\/default\/files\/content\/valjaanded\/2016\/toiduohutus-margistamine-erandid-2016-05-30.pdf Euroopa Komisjoni talituste koostatud t\u00f6\u00f6dokument \u201eK\u00fcsimused, mis on seotud kaugm\u00fc\u00fcgiga tarbijatele toidualase teabe esitamist k\u00e4sitleva m\u00e4\u00e4ruse (EL) nr 1169\/2011 [&hellip;]\" \/>\n<meta property=\"og:url\" content=\"https:\/\/toiduteave.ee\/margistamine\/kasutatud-kirjandus\/\" \/>\n<meta property=\"og:site_name\" content=\"Toiduteave.ee\" \/>\n<meta property=\"article:modified_time\" content=\"2021-07-13T07:50:20+00:00\" \/>\n<meta property=\"og:image\" content=\"https:\/\/toiduteave.ee\/margistamine\/wp-content\/uploads\/2022\/10\/og-image-toiduteave.ee_-2.jpg\" \/>\n\t<meta property=\"og:image:width\" content=\"1200\" \/>\n\t<meta property=\"og:image:height\" content=\"630\" \/>\n\t<meta property=\"og:image:type\" content=\"image\/jpeg\" \/>\n<meta name=\"twitter:card\" content=\"summary_large_image\" \/>\n<meta name=\"twitter:label1\" content=\"Est. reading time\" \/>\n\t<meta name=\"twitter:data1\" content=\"2 minutit\" \/>\n<script type=\"application\/ld+json\" class=\"yoast-schema-graph\">{\"@context\":\"https:\/\/schema.org\",\"@graph\":[{\"@type\":\"WebPage\",\"@id\":\"https:\/\/toiduteave.ee\/margistamine\/kasutatud-kirjandus\/\",\"url\":\"https:\/\/toiduteave.ee\/margistamine\/kasutatud-kirjandus\/\",\"name\":\"Kasutatud kirjandus - Toiduteave.ee\",\"isPartOf\":{\"@id\":\"https:\/\/toiduteave.ee\/margistamine\/#website\"},\"datePublished\":\"2020-12-09T14:15:56+00:00\",\"dateModified\":\"2021-07-13T07:50:20+00:00\",\"breadcrumb\":{\"@id\":\"https:\/\/toiduteave.ee\/margistamine\/kasutatud-kirjandus\/#breadcrumb\"},\"inLanguage\":\"et\",\"potentialAction\":[{\"@type\":\"ReadAction\",\"target\":[\"https:\/\/toiduteave.ee\/margistamine\/kasutatud-kirjandus\/\"]}]},{\"@type\":\"BreadcrumbList\",\"@id\":\"https:\/\/toiduteave.ee\/margistamine\/kasutatud-kirjandus\/#breadcrumb\",\"itemListElement\":[{\"@type\":\"ListItem\",\"position\":1,\"name\":\"Home\",\"item\":\"https:\/\/toiduteave.ee\/margistamine\/\"},{\"@type\":\"ListItem\",\"position\":2,\"name\":\"Kasutatud kirjandus\"}]},{\"@type\":\"WebSite\",\"@id\":\"https:\/\/toiduteave.ee\/margistamine\/#website\",\"url\":\"https:\/\/toiduteave.ee\/margistamine\/\",\"name\":\"Toiduteave.ee\",\"description\":\"Toidu m&auml;rgistamise e-k&auml;siraamat\",\"potentialAction\":[{\"@type\":\"SearchAction\",\"target\":{\"@type\":\"EntryPoint\",\"urlTemplate\":\"https:\/\/toiduteave.ee\/margistamine\/?s={search_term_string}\"},\"query-input\":\"required name=search_term_string\"}],\"inLanguage\":\"et\"}]}<\/script>\n<!-- \/ Yoast SEO plugin. -->","yoast_head_json":{"title":"Kasutatud kirjandus - Toiduteave.ee","robots":{"index":"index","follow":"follow","max-snippet":"max-snippet:-1","max-image-preview":"max-image-preview:large","max-video-preview":"max-video-preview:-1"},"canonical":"https:\/\/toiduteave.ee\/margistamine\/kasutatud-kirjandus\/","og_locale":"et_EE","og_type":"article","og_title":"Kasutatud kirjandus - Toiduteave.ee","og_description":"Kasutatud kirjandus K\u00fcsimused ja vastused Euroopa Parlamendi ja n\u00f5ukogu m\u00e4\u00e4ruse (EL) nr 1169\/2011 (milles k\u00e4sitletakse toidualase teabe esitamist tarbijatele) kohaldamise kohta (2018\/C 196\/01) https:\/\/eur-lex.europa.eu\/legal-content\/ET\/TXT\/?uri=CELEX:52018XC0608(01) Veterinaar- ja Toiduamet, Maaeluministeerium \u201eJuhend seoses eranditega toitumisalase teabe esitamise n\u00f5udest\u201c https:\/\/www.agri.ee\/sites\/default\/files\/content\/valjaanded\/2016\/toiduohutus-margistamine-erandid-2016-05-30.pdf Euroopa Komisjoni talituste koostatud t\u00f6\u00f6dokument \u201eK\u00fcsimused, mis on seotud kaugm\u00fc\u00fcgiga tarbijatele toidualase teabe esitamist k\u00e4sitleva m\u00e4\u00e4ruse (EL) nr 1169\/2011 [&hellip;]","og_url":"https:\/\/toiduteave.ee\/margistamine\/kasutatud-kirjandus\/","og_site_name":"Toiduteave.ee","article_modified_time":"2021-07-13T07:50:20+00:00","og_image":[{"width":1200,"height":630,"url":"https:\/\/toiduteave.ee\/margistamine\/wp-content\/uploads\/2022\/10\/og-image-toiduteave.ee_-2.jpg","type":"image\/jpeg"}],"twitter_card":"summary_large_image","twitter_misc":{"Est. reading time":"2 minutit"},"schema":{"@context":"https:\/\/schema.org","@graph":[{"@type":"WebPage","@id":"https:\/\/toiduteave.ee\/margistamine\/kasutatud-kirjandus\/","url":"https:\/\/toiduteave.ee\/margistamine\/kasutatud-kirjandus\/","name":"Kasutatud kirjandus - Toiduteave.ee","isPartOf":{"@id":"https:\/\/toiduteave.ee\/margistamine\/#website"},"datePublished":"2020-12-09T14:15:56+00:00","dateModified":"2021-07-13T07:50:20+00:00","breadcrumb":{"@id":"https:\/\/toiduteave.ee\/margistamine\/kasutatud-kirjandus\/#breadcrumb"},"inLanguage":"et","potentialAction":[{"@type":"ReadAction","target":["https:\/\/toiduteave.ee\/margistamine\/kasutatud-kirjandus\/"]}]},{"@type":"BreadcrumbList","@id":"https:\/\/toiduteave.ee\/margistamine\/kasutatud-kirjandus\/#breadcrumb","itemListElement":[{"@type":"ListItem","position":1,"name":"Home","item":"https:\/\/toiduteave.ee\/margistamine\/"},{"@type":"ListItem","position":2,"name":"Kasutatud kirjandus"}]},{"@type":"WebSite","@id":"https:\/\/toiduteave.ee\/margistamine\/#website","url":"https:\/\/toiduteave.ee\/margistamine\/","name":"Toiduteave.ee","description":"Toidu m&auml;rgistamise e-k&auml;siraamat","potentialAction":[{"@type":"SearchAction","target":{"@type":"EntryPoint","urlTemplate":"https:\/\/toiduteave.ee\/margistamine\/?s={search_term_string}"},"query-input":"required name=search_term_string"}],"inLanguage":"et"}]}},"_links":{"self":[{"href":"https:\/\/toiduteave.ee\/margistamine\/wp-json\/wp\/v2\/pages\/957","targetHints":{"allow":["GET"]}}],"collection":[{"href":"https:\/\/toiduteave.ee\/margistamine\/wp-json\/wp\/v2\/pages"}],"about":[{"href":"https:\/\/toiduteave.ee\/margistamine\/wp-json\/wp\/v2\/types\/page"}],"author":[{"embeddable":true,"href":"https:\/\/toiduteave.ee\/margistamine\/wp-json\/wp\/v2\/users\/1"}],"replies":[{"embeddable":true,"href":"https:\/\/toiduteave.ee\/margistamine\/wp-json\/wp\/v2\/comments?post=957"}],"version-history":[{"count":8,"href":"https:\/\/toiduteave.ee\/margistamine\/wp-json\/wp\/v2\/pages\/957\/revisions"}],"predecessor-version":[{"id":2075,"href":"https:\/\/toiduteave.ee\/margistamine\/wp-json\/wp\/v2\/pages\/957\/revisions\/2075"}],"wp:attachment":[{"href":"https:\/\/toiduteave.ee\/margistamine\/wp-json\/wp\/v2\/media?parent=957"}],"curies":[{"name":"wp","href":"https:\/\/api.w.org\/{rel}","templated":true}]}}